{"id":1163,"date":"2024-03-17T11:54:02","date_gmt":"2024-03-17T10:54:02","guid":{"rendered":"https:\/\/hypnosemelanie.fr\/?page_id=1163"},"modified":"2024-05-16T11:35:49","modified_gmt":"2024-05-16T09:35:49","slug":"lhypnose-et-les-enfants","status":"publish","type":"page","link":"https:\/\/www.hypnosemelanie.fr\/index.php\/lhypnose-et-les-enfants\/","title":{"rendered":"L&rsquo;hypnose et les enfants"},"content":{"rendered":"\n<p>L\u2019Hypnose est une disposition naturelle chez l\u2019enfant car il a moins de barri\u00e8res. C\u2019est une m\u00e9thode p\u00e9dagogique. Pour les enfants, l\u2019imaginaire est r\u00e9el. Ils approchent donc l\u2019Hypnose sans pr\u00e9jug\u00e9s et sans peurs. Ils sont tour \u00e0 tour dragon, princesse ou chevalier et ont intacte en eux la magie \"du comme si\". Je ne fais que profiter de cette disposition naturelle. Grace \u00e0 cet outil, l\u2019Enfant d\u00e9veloppe une capacit\u00e9 \u00e0 trouver rapidement des solutions d'am\u00e9lioration \u00e0 l\u2019aide de son imaginaire.<\/p>\n\n\n\n<p>Chez l'enfant, l'hypnose a les objectifs suivants&nbsp;:<\/p>\n\n\n\n<ul class=\"wp-block-list\">\n<li>Am\u00e9liorer la relation th\u00e9rapeutique et la communication facilitant ainsi le confort des Enfants et de leur famille via l\u2019Hypnose Conversationnelle.<\/li>\n\n\n\n<li>Dissoudre les difficult\u00e9s chez l\u2019Enfant et l\u2019Adolescent pour aller mieux gr\u00e2ce \u00e0 l\u2019Hypnose Th\u00e9rapeutique.<\/li>\n\n\n\n<li>Permettre \u00e0 l\u2019Enfant de se recentrer sur lui-m\u00eame et sur ses centres d\u2019int\u00e9r\u00eats.<\/li>\n\n\n\n<li>D\u00e9velopper l\u2019imagination pour permettre \u00e0 l\u2019Enfant de devenir Actif de ses Emotions.<\/li>\n<\/ul>\n\n\n\n<p>L\u2019Hypnose s\u2019inscrit dans une d\u00e9marche proche de la m\u00e9ditation, de la relaxation et de la pleine conscience. Il s\u2019agit de moment o\u00f9 l'enfant peut se poser et se r\u00e9aligner avec ses \u00e9motions. L\u2019Hypnose peut-\u00eatre int\u00e9grer en protocole de Soins \u00e0 tout Age. Il suffit d\u2019adapter les propositions et les suggestions en fonction du d\u00e9veloppement psychomoteur de l\u2019Enfant. Chaque Enfant est en Capacit\u00e9 de percevoir ses Sens aussi bien \u00e0 l\u2019ext\u00e9rieur qu\u2019\u00e0 l\u2019int\u00e9rieur de son corps. Si on se situe au niveau des parents, ils sont Contents et Rassur\u00e9s de voir que des Solutions sont apport\u00e9es \u00e0 leur Enfant. Pendant l\u2019Hypnose, l\u2019Enfant reste tr\u00e8s actif et il entend tout. Sa m\u00e9moire, son attention et sa vigilance sont amplifi\u00e9s.<\/p>\n\n\n\n<p>L\u2019association de l\u2019Hypnose \u00e0 un traitement classique permet la diminution des doses de m\u00e9dicaments. Pour la prise en charge de la douleur Chronique, l\u2019id\u00e9e sera de transmettre aux Enfants des techniques d\u2019Autohypnose. L\u2019Hypnose permet de d\u00e9samorcer certains processus ancr\u00e9s par des traitements Lourds.<\/p>\n\n\n\n<p>L\u2019Hypnose est une rencontre humanisante avec l\u2019Enfant, une parenth\u00e8se de bien-\u00eatre, une bulle de l\u00e2cher-prise.<\/p>\n\n\n<div class=\"wp-block-image\">\n<figure class=\"alignleft size-full is-resized\"><img loading=\"lazy\" decoding=\"async\" width=\"1024\" height=\"1024\" src=\"http:\/\/devmachine\/wp-content\/uploads\/2024\/03\/44cd3883-fb25-45e8-8cb3-f8a5948c4d72.jpg\" alt=\"\" class=\"wp-image-1213\" style=\"width:215px;height:auto\" srcset=\"https:\/\/www.hypnosemelanie.fr\/wp-content\/uploads\/2024\/03\/44cd3883-fb25-45e8-8cb3-f8a5948c4d72.jpg 1024w, https:\/\/www.hypnosemelanie.fr\/wp-content\/uploads\/2024\/03\/44cd3883-fb25-45e8-8cb3-f8a5948c4d72-300x300.jpg 300w, https:\/\/www.hypnosemelanie.fr\/wp-content\/uploads\/2024\/03\/44cd3883-fb25-45e8-8cb3-f8a5948c4d72-150x150.jpg 150w, https:\/\/www.hypnosemelanie.fr\/wp-content\/uploads\/2024\/03\/44cd3883-fb25-45e8-8cb3-f8a5948c4d72-768x768.jpg 768w, https:\/\/www.hypnosemelanie.fr\/wp-content\/uploads\/2024\/03\/44cd3883-fb25-45e8-8cb3-f8a5948c4d72-600x600.jpg 600w\" sizes=\"auto, (max-width: 1024px) 100vw, 1024px\" \/><\/figure>\n<\/div>\n\n\n<p>En r\u00e9sum\u00e9, chez l\u2019Enfant, l\u2019Hypnose permet de&nbsp;:<\/p>\n\n\n\n<ul class=\"wp-block-list\">\n<li>Diminuer les troubles \u00e9motionnels tels que les peurs, les phobies, l'anxi\u00e9t\u00e9, la tristesse ou une perturbation de l'humeur suite \u00e0 une perturbation de Vie (deuil, s\u00e9paration, divorce des parents, d\u00e9m\u00e9nagement)<\/li>\n\n\n\n<li>Diminuer l'anxi\u00e9t\u00e9, apaiser une douleur, apaiser les maux du quotidien.<\/li>\n\n\n\n<li>Diminuer les phobies scolaires, la timidit\u00e9<\/li>\n\n\n\n<li>Diminuer les troubles physiques occasionn\u00e9s ou aggrav\u00e9s par des facteurs psychiques<\/li>\n\n\n\n<li>Diminuer les douleurs r\u00e9currentes (maux de ventre, et maux de t\u00eate) apr\u00e8s avoir bien entendu \u00e9cart\u00e9 \u00e0 l\u2019aide d\u2019examens m\u00e9dicaux toute cause physiologique.<\/li>\n<\/ul>\n\n\n\n<p>Pour comprendre le d\u00e9roulement d'une s\u00e9ance avec les enfants: <a href=\"https:\/\/www.hypnosemelanie.fr\/index.php\/les-seances-avec-les-enfants\/\">voir la page<\/a><\/p>\n","protected":false},"excerpt":{"rendered":"<p>L\u2019Hypnose est une disposition naturelle chez l\u2019enfant car il a moins de barri\u00e8res. C\u2019est une m\u00e9thode p\u00e9dagogique. Pour les enfants, l\u2019imaginaire est r\u00e9el. Ils approchent donc l\u2019Hypnose sans pr\u00e9jug\u00e9s et sans peurs. Ils sont tour \u00e0 tour dragon, princesse ou chevalier et ont intacte en eux la magie \u00ab\u00a0du comme si\u00a0\u00bb. Je ne fais que [&hellip;]<\/p>\n","protected":false},"author":1,"featured_media":0,"parent":0,"menu_order":0,"comment_status":"closed","ping_status":"closed","template":"","meta":{"ocean_post_layout":"","ocean_both_sidebars_style":"","ocean_both_sidebars_content_width":0,"ocean_both_sidebars_sidebars_width":0,"ocean_sidebar":"","ocean_second_sidebar":"","ocean_disable_margins":"enable","ocean_add_body_class":"","ocean_shortcode_before_top_bar":"","ocean_shortcode_after_top_bar":"","ocean_shortcode_before_header":"","ocean_shortcode_after_header":"","ocean_has_shortcode":"","ocean_shortcode_after_title":"","ocean_shortcode_before_footer_widgets":"","ocean_shortcode_after_footer_widgets":"","ocean_shortcode_before_footer_bottom":"","ocean_shortcode_after_footer_bottom":"","ocean_display_top_bar":"default","ocean_display_header":"default","ocean_header_style":"","ocean_center_header_left_menu":"","ocean_custom_header_template":"","ocean_custom_logo":0,"ocean_custom_retina_logo":0,"ocean_custom_logo_max_width":0,"ocean_custom_logo_tablet_max_width":0,"ocean_custom_logo_mobile_max_width":0,"ocean_custom_logo_max_height":0,"ocean_custom_logo_tablet_max_height":0,"ocean_custom_logo_mobile_max_height":0,"ocean_header_custom_menu":"","ocean_menu_typo_font_family":"","ocean_menu_typo_font_subset":"","ocean_menu_typo_font_size":0,"ocean_menu_typo_font_size_tablet":0,"ocean_menu_typo_font_size_mobile":0,"ocean_menu_typo_font_size_unit":"px","ocean_menu_typo_font_weight":"","ocean_menu_typo_font_weight_tablet":"","ocean_menu_typo_font_weight_mobile":"","ocean_menu_typo_transform":"","ocean_menu_typo_transform_tablet":"","ocean_menu_typo_transform_mobile":"","ocean_menu_typo_line_height":0,"ocean_menu_typo_line_height_tablet":0,"ocean_menu_typo_line_height_mobile":0,"ocean_menu_typo_line_height_unit":"","ocean_menu_typo_spacing":0,"ocean_menu_typo_spacing_tablet":0,"ocean_menu_typo_spacing_mobile":0,"ocean_menu_typo_spacing_unit":"","ocean_menu_link_color":"","ocean_menu_link_color_hover":"","ocean_menu_link_color_active":"","ocean_menu_link_background":"","ocean_menu_link_hover_background":"","ocean_menu_link_active_background":"","ocean_menu_social_links_bg":"","ocean_menu_social_hover_links_bg":"","ocean_menu_social_links_color":"","ocean_menu_social_hover_links_color":"","ocean_disable_title":"default","ocean_disable_heading":"default","ocean_post_title":"","ocean_post_subheading":"","ocean_post_title_style":"","ocean_post_title_background_color":"","ocean_post_title_background":0,"ocean_post_title_bg_image_position":"","ocean_post_title_bg_image_attachment":"","ocean_post_title_bg_image_repeat":"","ocean_post_title_bg_image_size":"","ocean_post_title_height":0,"ocean_post_title_bg_overlay":0.5,"ocean_post_title_bg_overlay_color":"","ocean_disable_breadcrumbs":"default","ocean_breadcrumbs_color":"","ocean_breadcrumbs_separator_color":"","ocean_breadcrumbs_links_color":"","ocean_breadcrumbs_links_hover_color":"","ocean_display_footer_widgets":"default","ocean_display_footer_bottom":"default","ocean_custom_footer_template":"","_glsr_average":0,"_glsr_ranking":0,"_glsr_reviews":0,"footnotes":""},"class_list":["post-1163","page","type-page","status-publish","hentry","entry"],"yoast_head":"<!-- This site is optimized with the Yoast SEO plugin v27.6 - https:\/\/yoast.com\/product\/yoast-seo-wordpress\/ -->\n<title>L&#039;hypnose et les enfants - Hypnose et Sophrologie<\/title>\n<meta name=\"robots\" content=\"index, follow, max-snippet:-1, max-image-preview:large, max-video-preview:-1\" \/>\n<link rel=\"canonical\" href=\"https:\/\/www.hypnosemelanie.fr\/index.php\/lhypnose-et-les-enfants\/\" \/>\n<meta property=\"og:locale\" content=\"fr_FR\" \/>\n<meta property=\"og:type\" content=\"article\" \/>\n<meta property=\"og:title\" content=\"L&#039;hypnose et les enfants - Hypnose et Sophrologie\" \/>\n<meta property=\"og:description\" content=\"L\u2019Hypnose est une disposition naturelle chez l\u2019enfant car il a moins de barri\u00e8res. C\u2019est une m\u00e9thode p\u00e9dagogique. Pour les enfants, l\u2019imaginaire est r\u00e9el. Ils approchent donc l\u2019Hypnose sans pr\u00e9jug\u00e9s et sans peurs. Ils sont tour \u00e0 tour dragon, princesse ou chevalier et ont intacte en eux la magie &quot;du comme si&quot;. Je ne fais que [&hellip;]\" \/>\n<meta property=\"og:url\" content=\"https:\/\/www.hypnosemelanie.fr\/index.php\/lhypnose-et-les-enfants\/\" \/>\n<meta property=\"og:site_name\" content=\"Hypnose et Sophrologie\" \/>\n<meta property=\"article:modified_time\" content=\"2024-05-16T09:35:49+00:00\" \/>\n<meta property=\"og:image\" content=\"http:\/\/devmachine\/wp-content\/uploads\/2024\/03\/44cd3883-fb25-45e8-8cb3-f8a5948c4d72.jpg\" \/>\n<meta name=\"twitter:card\" content=\"summary_large_image\" \/>\n<meta name=\"twitter:label1\" content=\"Dur\u00e9e de lecture estim\u00e9e\" \/>\n\t<meta name=\"twitter:data1\" content=\"3 minutes\" \/>\n<script type=\"application\/ld+json\" class=\"yoast-schema-graph\">{\"@context\":\"https:\\\/\\\/schema.org\",\"@graph\":[{\"@type\":\"WebPage\",\"@id\":\"https:\\\/\\\/www.hypnosemelanie.fr\\\/index.php\\\/lhypnose-et-les-enfants\\\/\",\"url\":\"https:\\\/\\\/www.hypnosemelanie.fr\\\/index.php\\\/lhypnose-et-les-enfants\\\/\",\"name\":\"L'hypnose et les enfants - Hypnose et Sophrologie\",\"isPartOf\":{\"@id\":\"https:\\\/\\\/www.hypnosemelanie.fr\\\/#website\"},\"primaryImageOfPage\":{\"@id\":\"https:\\\/\\\/www.hypnosemelanie.fr\\\/index.php\\\/lhypnose-et-les-enfants\\\/#primaryimage\"},\"image\":{\"@id\":\"https:\\\/\\\/www.hypnosemelanie.fr\\\/index.php\\\/lhypnose-et-les-enfants\\\/#primaryimage\"},\"thumbnailUrl\":\"http:\\\/\\\/devmachine\\\/wp-content\\\/uploads\\\/2024\\\/03\\\/44cd3883-fb25-45e8-8cb3-f8a5948c4d72.jpg\",\"datePublished\":\"2024-03-17T10:54:02+00:00\",\"dateModified\":\"2024-05-16T09:35:49+00:00\",\"breadcrumb\":{\"@id\":\"https:\\\/\\\/www.hypnosemelanie.fr\\\/index.php\\\/lhypnose-et-les-enfants\\\/#breadcrumb\"},\"inLanguage\":\"fr-FR\",\"potentialAction\":[{\"@type\":\"ReadAction\",\"target\":[\"https:\\\/\\\/www.hypnosemelanie.fr\\\/index.php\\\/lhypnose-et-les-enfants\\\/\"]}]},{\"@type\":\"ImageObject\",\"inLanguage\":\"fr-FR\",\"@id\":\"https:\\\/\\\/www.hypnosemelanie.fr\\\/index.php\\\/lhypnose-et-les-enfants\\\/#primaryimage\",\"url\":\"http:\\\/\\\/devmachine\\\/wp-content\\\/uploads\\\/2024\\\/03\\\/44cd3883-fb25-45e8-8cb3-f8a5948c4d72.jpg\",\"contentUrl\":\"http:\\\/\\\/devmachine\\\/wp-content\\\/uploads\\\/2024\\\/03\\\/44cd3883-fb25-45e8-8cb3-f8a5948c4d72.jpg\"},{\"@type\":\"BreadcrumbList\",\"@id\":\"https:\\\/\\\/www.hypnosemelanie.fr\\\/index.php\\\/lhypnose-et-les-enfants\\\/#breadcrumb\",\"itemListElement\":[{\"@type\":\"ListItem\",\"position\":1,\"name\":\"Accueil\",\"item\":\"https:\\\/\\\/www.hypnosemelanie.fr\\\/\"},{\"@type\":\"ListItem\",\"position\":2,\"name\":\"L&rsquo;hypnose et les enfants\"}]},{\"@type\":\"WebSite\",\"@id\":\"https:\\\/\\\/www.hypnosemelanie.fr\\\/#website\",\"url\":\"https:\\\/\\\/www.hypnosemelanie.fr\\\/\",\"name\":\"Hypnose et Sophrologie\",\"description\":\"\",\"potentialAction\":[{\"@type\":\"SearchAction\",\"target\":{\"@type\":\"EntryPoint\",\"urlTemplate\":\"https:\\\/\\\/www.hypnosemelanie.fr\\\/?s={search_term_string}\"},\"query-input\":{\"@type\":\"PropertyValueSpecification\",\"valueRequired\":true,\"valueName\":\"search_term_string\"}}],\"inLanguage\":\"fr-FR\"}]}<\/script>\n<!-- \/ Yoast SEO plugin. -->","yoast_head_json":{"title":"L'hypnose et les enfants - Hypnose et Sophrologie","robots":{"index":"index","follow":"follow","max-snippet":"max-snippet:-1","max-image-preview":"max-image-preview:large","max-video-preview":"max-video-preview:-1"},"canonical":"https:\/\/www.hypnosemelanie.fr\/index.php\/lhypnose-et-les-enfants\/","og_locale":"fr_FR","og_type":"article","og_title":"L'hypnose et les enfants - Hypnose et Sophrologie","og_description":"L\u2019Hypnose est une disposition naturelle chez l\u2019enfant car il a moins de barri\u00e8res. C\u2019est une m\u00e9thode p\u00e9dagogique. Pour les enfants, l\u2019imaginaire est r\u00e9el. Ils approchent donc l\u2019Hypnose sans pr\u00e9jug\u00e9s et sans peurs. Ils sont tour \u00e0 tour dragon, princesse ou chevalier et ont intacte en eux la magie \"du comme si\". Je ne fais que [&hellip;]","og_url":"https:\/\/www.hypnosemelanie.fr\/index.php\/lhypnose-et-les-enfants\/","og_site_name":"Hypnose et Sophrologie","article_modified_time":"2024-05-16T09:35:49+00:00","og_image":[{"url":"http:\/\/devmachine\/wp-content\/uploads\/2024\/03\/44cd3883-fb25-45e8-8cb3-f8a5948c4d72.jpg","type":"","width":"","height":""}],"twitter_card":"summary_large_image","twitter_misc":{"Dur\u00e9e de lecture estim\u00e9e":"3 minutes"},"schema":{"@context":"https:\/\/schema.org","@graph":[{"@type":"WebPage","@id":"https:\/\/www.hypnosemelanie.fr\/index.php\/lhypnose-et-les-enfants\/","url":"https:\/\/www.hypnosemelanie.fr\/index.php\/lhypnose-et-les-enfants\/","name":"L'hypnose et les enfants - Hypnose et Sophrologie","isPartOf":{"@id":"https:\/\/www.hypnosemelanie.fr\/#website"},"primaryImageOfPage":{"@id":"https:\/\/www.hypnosemelanie.fr\/index.php\/lhypnose-et-les-enfants\/#primaryimage"},"image":{"@id":"https:\/\/www.hypnosemelanie.fr\/index.php\/lhypnose-et-les-enfants\/#primaryimage"},"thumbnailUrl":"http:\/\/devmachine\/wp-content\/uploads\/2024\/03\/44cd3883-fb25-45e8-8cb3-f8a5948c4d72.jpg","datePublished":"2024-03-17T10:54:02+00:00","dateModified":"2024-05-16T09:35:49+00:00","breadcrumb":{"@id":"https:\/\/www.hypnosemelanie.fr\/index.php\/lhypnose-et-les-enfants\/#breadcrumb"},"inLanguage":"fr-FR","potentialAction":[{"@type":"ReadAction","target":["https:\/\/www.hypnosemelanie.fr\/index.php\/lhypnose-et-les-enfants\/"]}]},{"@type":"ImageObject","inLanguage":"fr-FR","@id":"https:\/\/www.hypnosemelanie.fr\/index.php\/lhypnose-et-les-enfants\/#primaryimage","url":"http:\/\/devmachine\/wp-content\/uploads\/2024\/03\/44cd3883-fb25-45e8-8cb3-f8a5948c4d72.jpg","contentUrl":"http:\/\/devmachine\/wp-content\/uploads\/2024\/03\/44cd3883-fb25-45e8-8cb3-f8a5948c4d72.jpg"},{"@type":"BreadcrumbList","@id":"https:\/\/www.hypnosemelanie.fr\/index.php\/lhypnose-et-les-enfants\/#breadcrumb","itemListElement":[{"@type":"ListItem","position":1,"name":"Accueil","item":"https:\/\/www.hypnosemelanie.fr\/"},{"@type":"ListItem","position":2,"name":"L&rsquo;hypnose et les enfants"}]},{"@type":"WebSite","@id":"https:\/\/www.hypnosemelanie.fr\/#website","url":"https:\/\/www.hypnosemelanie.fr\/","name":"Hypnose et Sophrologie","description":"","potentialAction":[{"@type":"SearchAction","target":{"@type":"EntryPoint","urlTemplate":"https:\/\/www.hypnosemelanie.fr\/?s={search_term_string}"},"query-input":{"@type":"PropertyValueSpecification","valueRequired":true,"valueName":"search_term_string"}}],"inLanguage":"fr-FR"}]}},"_links":{"self":[{"href":"https:\/\/www.hypnosemelanie.fr\/index.php\/wp-json\/wp\/v2\/pages\/1163","targetHints":{"allow":["GET"]}}],"collection":[{"href":"https:\/\/www.hypnosemelanie.fr\/index.php\/wp-json\/wp\/v2\/pages"}],"about":[{"href":"https:\/\/www.hypnosemelanie.fr\/index.php\/wp-json\/wp\/v2\/types\/page"}],"author":[{"embeddable":true,"href":"https:\/\/www.hypnosemelanie.fr\/index.php\/wp-json\/wp\/v2\/users\/1"}],"replies":[{"embeddable":true,"href":"https:\/\/www.hypnosemelanie.fr\/index.php\/wp-json\/wp\/v2\/comments?post=1163"}],"version-history":[{"count":5,"href":"https:\/\/www.hypnosemelanie.fr\/index.php\/wp-json\/wp\/v2\/pages\/1163\/revisions"}],"predecessor-version":[{"id":1301,"href":"https:\/\/www.hypnosemelanie.fr\/index.php\/wp-json\/wp\/v2\/pages\/1163\/revisions\/1301"}],"wp:attachment":[{"href":"https:\/\/www.hypnosemelanie.fr\/index.php\/wp-json\/wp\/v2\/media?parent=1163"}],"curies":[{"name":"wp","href":"https:\/\/api.w.org\/{rel}","templated":true}]}}