{"id":1022,"date":"2024-01-02T19:19:31","date_gmt":"2024-01-02T18:19:31","guid":{"rendered":"https:\/\/hypnosemelanie.fr\/?page_id=1022"},"modified":"2025-10-17T17:20:04","modified_gmt":"2025-10-17T15:20:04","slug":"infos-pratiques","status":"publish","type":"page","link":"https:\/\/www.hypnosemelanie.fr\/index.php\/infos-pratiques\/","title":{"rendered":"Informations pratiques"},"content":{"rendered":"\n<h2 class=\"wp-block-heading\">Tarifs<\/h2>\n\n\n\n<figure class=\"wp-block-table\"><table><tbody><tr><td>Adultes Anamn\u00e8se : 50 Euros<\/td><td>Adultes S\u00e9ances : 60 Euros<\/td><\/tr><tr><td>Adolescents Anamn\u00e8se ( 13-18 ans ) : 40 Euros<\/td><td>Adolescents S\u00e9ances : 50 Euros<\/td><\/tr><tr><td>Enfants Anamn\u00e8se ( - 13 ans ) : 40 Euros<\/td><td>Enfants S\u00e9ances ( - 13 ans ) : 50 Euros<\/td><\/tr><\/tbody><\/table><\/figure>\n\n\n\n<h2 class=\"wp-block-heading\">Dur\u00e9e<\/h2>\n\n\n\n<p>Adultes&nbsp;: environ 1 heure<br>Adolescents&nbsp;: environ 45 minutes<br>Enfants&nbsp;: environ 30 minutes<\/p>\n\n\n\n<h2 class=\"wp-block-heading\">Mode de paiement<\/h2>\n\n\n\n<p>Le r\u00e8glement se fera par ch\u00e8que ou en esp\u00e8ces.<br>La s\u00e9ance ne peut pas \u00eatre prise en charge par la S\u00e9curit\u00e9 Sociale.<br>Cependant , certaines mutuelles prennent en charge une partie du montant de la S\u00e9ance.<br>Avant notre rencontre , il est int\u00e9ressant d\u2019\u00e9tudier votre contrat mutuelle afin de voir si vous avez souscris un forfait M\u00e9decine Douce englobant la Sophrologie ou l\u2019Hypnose.<br>Si c\u2019est le cas , une facture pourra vous \u00eatre \u00e9dit\u00e9e.<\/p>\n\n\n\n<h2 class=\"wp-block-heading\">Prendre rendez-vous<\/h2>\n\n\n\n<p>La prise de rendez-vous se fait uniquement par contact t\u00e9l\u00e9phonique&nbsp;au 07.49.18.34.23.<\/p>\n\n\n<div class=\"avertissement-text\">\n    <p><p>Les demandes de rendez-vous par SMS ne peuvent pas \u00eatre prises en compte.<\/p>\n<\/p>\n<\/div>\t\t<style>.avertissement-text {\npadding: 5px;\n    padding-left: 15px;\n    margin-left: 20px;\n    margin-bottom: 20px;\n    border: solid 3px #cb20273b;\n    background-color: antiquewhite;\n    border-radius: 10px;\n    color: #3f1908;\n}\n.avertissement-text p {\n    margin: 0px; !important\n}<\/style>\n\t\t\n\n\n<p>Horaires d'ouverture<\/p>\n\n\n\n<p>( Attention 2 Lieux d\u2019accueil diff\u00e9rents )<\/p>\n\n\n\n<p><br>Mercredi de 7H30 \u00e0 19H<br>jeudi de 7H30 \u00e0 19H<\/p>\n\n\n\n<p>Le cabinet peut \u00eatre ouvert les jours f\u00e9ri\u00e9s.<\/p>\n\n\n\n<h2 class=\"wp-block-heading\">Adresse du cabinet<\/h2>\n\n\n<div class=\"avertissement-text\">\n    <p><p>Je re\u00e7ois le mercredi et le jeudi au cabinet d'Annesse-et-Beaulieu<\/p>\n<\/p>\n<\/div>\n\n\n<h3 class=\"wp-block-heading\">Le Lundi et le Jeudi<\/h3>\n\n\n\n<div class=\"wp-block-group is-horizontal is-nowrap is-layout-flex wp-container-core-group-is-layout-67f0b8e2 wp-block-group-is-layout-flex\">\n<div class=\"mapouter\"><div class=\"gmap_canvas\"><iframe loading=\"lazy\" width=\"550\" height=\"300\" id=\"gmap_canvas\" src=\"https:\/\/maps.google.com\/maps?q=52%20rue%20Wilson%2024000%20PERIGUEUX&t=&z=15&ie=UTF8&iwloc=&output=embed\" frameborder=\"0\" scrolling=\"no\" marginheight=\"0\" marginwidth=\"0\"><\/iframe><a href=\"https:\/\/embedgooglemap.net\/124\/\"><\/a><br><style>.mapouter{position:relative;text-align:right;height:300px;width:550px;}<\/style><a href=\"https:\/\/www.embedgooglemap.net\">google maps embed<\/a><style>.gmap_canvas {overflow:hidden;background:none!important;height:300px;width:550px;}<\/style><\/div><\/div>\n\n\n\n<div class=\"wp-block-group is-vertical is-layout-flex wp-container-core-group-is-layout-8cf370e7 wp-block-group-is-layout-flex\">\n<p>A la Maison de Soins de Lalande \u00e0  \"La Salle\"<\/p>\n\n\n\n<p>Au 52 rue Wilson<br>24000 PERIGUEUX<\/p>\n\n\n\n<p>Sur cette structure , vous avez la possibilit\u00e9 de vous garer devant le cabinet , en prenant un ticket dans l\u2019horodateur , vous pourrez b\u00e9n\u00e9ficier de 3 heures gratuites cons\u00e9cutives , 1 fois dans la journ\u00e9e.<\/p>\n<\/div>\n<\/div>\n\n\n\n<p><br>Je vous demanderai d\u2019arriver \u00e0 l\u2019 heure ou 5 mins en avance de votre rendez-vous car je ne dispose pas de salle d\u2019attente sur cette structure.<\/p>\n\n\n\n<h3 class=\"wp-block-heading\">Le Mercredi<\/h3>\n\n\n\n<div class=\"wp-block-group is-horizontal is-layout-flex wp-block-group-is-layout-flex\">\n<div class=\"mapouter\"><div class=\"gmap_canvas\"><iframe loading=\"lazy\" width=\"550\" height=\"300\" id=\"gmap_canvas\" src=\"https:\/\/maps.google.com\/maps?q=2%20route%20des%20Balans%2024430%20ANNESSE%20ET%20BEAULIEU&t=&z=15&ie=UTF8&iwloc=&output=embed\" frameborder=\"0\" scrolling=\"no\" marginheight=\"0\" marginwidth=\"0\"><\/iframe><a href=\"https:\/\/embedgooglemap.net\/124\/\"><\/a><br><style>.mapouter{position:relative;text-align:right;height:300px;width:550px;}<\/style><a href=\"https:\/\/www.embedgooglemap.net\">google maps embed<\/a><style>.gmap_canvas {overflow:hidden;background:none!important;height:300px;width:550px;}<\/style><\/div><\/div>\n\n\n\n<div class=\"wp-block-group is-vertical is-layout-flex wp-container-core-group-is-layout-8cf370e7 wp-block-group-is-layout-flex\">\n<p>A la Maison de Soins de Lalande<\/p>\n\n\n\n<p>Au 2 Route des Balans<br>24430 ANNESSE \u2013 ET -BEAULIEU<\/p>\n\n\n\n<p><\/p>\n<\/div>\n\n\n\n<p><\/p>\n\n\n\n<p><\/p>\n<\/div>\n\n\n\n<p><\/p>\n","protected":false},"excerpt":{"rendered":"<p>Tarifs Adultes Anamn\u00e8se : 50 Euros Adultes S\u00e9ances : 60 Euros Adolescents Anamn\u00e8se ( 13-18 ans ) : 40 Euros Adolescents S\u00e9ances : 50 Euros Enfants Anamn\u00e8se ( &#8211; 13 ans ) : 40 Euros Enfants S\u00e9ances ( &#8211; 13 ans ) : 50 Euros Dur\u00e9e Adultes&nbsp;: environ 1 heureAdolescents&nbsp;: environ 45 minutesEnfants&nbsp;: environ 30 [&hellip;]<\/p>\n","protected":false},"author":1,"featured_media":0,"parent":0,"menu_order":0,"comment_status":"closed","ping_status":"closed","template":"","meta":{"ocean_post_layout":"","ocean_both_sidebars_style":"","ocean_both_sidebars_content_width":0,"ocean_both_sidebars_sidebars_width":0,"ocean_sidebar":"","ocean_second_sidebar":"","ocean_disable_margins":"enable","ocean_add_body_class":"","ocean_shortcode_before_top_bar":"","ocean_shortcode_after_top_bar":"","ocean_shortcode_before_header":"","ocean_shortcode_after_header":"","ocean_has_shortcode":"","ocean_shortcode_after_title":"","ocean_shortcode_before_footer_widgets":"","ocean_shortcode_after_footer_widgets":"","ocean_shortcode_before_footer_bottom":"","ocean_shortcode_after_footer_bottom":"","ocean_display_top_bar":"default","ocean_display_header":"default","ocean_header_style":"","ocean_center_header_left_menu":"","ocean_custom_header_template":"","ocean_custom_logo":0,"ocean_custom_retina_logo":0,"ocean_custom_logo_max_width":0,"ocean_custom_logo_tablet_max_width":0,"ocean_custom_logo_mobile_max_width":0,"ocean_custom_logo_max_height":0,"ocean_custom_logo_tablet_max_height":0,"ocean_custom_logo_mobile_max_height":0,"ocean_header_custom_menu":"","ocean_menu_typo_font_family":"","ocean_menu_typo_font_subset":"","ocean_menu_typo_font_size":0,"ocean_menu_typo_font_size_tablet":0,"ocean_menu_typo_font_size_mobile":0,"ocean_menu_typo_font_size_unit":"px","ocean_menu_typo_font_weight":"","ocean_menu_typo_font_weight_tablet":"","ocean_menu_typo_font_weight_mobile":"","ocean_menu_typo_transform":"","ocean_menu_typo_transform_tablet":"","ocean_menu_typo_transform_mobile":"","ocean_menu_typo_line_height":0,"ocean_menu_typo_line_height_tablet":0,"ocean_menu_typo_line_height_mobile":0,"ocean_menu_typo_line_height_unit":"","ocean_menu_typo_spacing":0,"ocean_menu_typo_spacing_tablet":0,"ocean_menu_typo_spacing_mobile":0,"ocean_menu_typo_spacing_unit":"","ocean_menu_link_color":"","ocean_menu_link_color_hover":"","ocean_menu_link_color_active":"","ocean_menu_link_background":"","ocean_menu_link_hover_background":"","ocean_menu_link_active_background":"","ocean_menu_social_links_bg":"","ocean_menu_social_hover_links_bg":"","ocean_menu_social_links_color":"","ocean_menu_social_hover_links_color":"","ocean_disable_title":"default","ocean_disable_heading":"default","ocean_post_title":"","ocean_post_subheading":"","ocean_post_title_style":"","ocean_post_title_background_color":"","ocean_post_title_background":0,"ocean_post_title_bg_image_position":"","ocean_post_title_bg_image_attachment":"","ocean_post_title_bg_image_repeat":"","ocean_post_title_bg_image_size":"","ocean_post_title_height":0,"ocean_post_title_bg_overlay":0.5,"ocean_post_title_bg_overlay_color":"","ocean_disable_breadcrumbs":"default","ocean_breadcrumbs_color":"","ocean_breadcrumbs_separator_color":"","ocean_breadcrumbs_links_color":"","ocean_breadcrumbs_links_hover_color":"","ocean_display_footer_widgets":"default","ocean_display_footer_bottom":"default","ocean_custom_footer_template":"","_glsr_average":0,"_glsr_ranking":0,"_glsr_reviews":0,"footnotes":""},"class_list":["post-1022","page","type-page","status-publish","hentry","entry"],"yoast_head":"<!-- This site is optimized with the Yoast SEO plugin v27.6 - https:\/\/yoast.com\/product\/yoast-seo-wordpress\/ -->\n<title>Informations pratiques - Hypnose et Sophrologie<\/title>\n<meta name=\"robots\" content=\"index, follow, max-snippet:-1, max-image-preview:large, max-video-preview:-1\" \/>\n<link rel=\"canonical\" href=\"https:\/\/www.hypnosemelanie.fr\/index.php\/infos-pratiques\/\" \/>\n<meta property=\"og:locale\" content=\"fr_FR\" \/>\n<meta property=\"og:type\" content=\"article\" \/>\n<meta property=\"og:title\" content=\"Informations pratiques - Hypnose et Sophrologie\" \/>\n<meta property=\"og:description\" content=\"Tarifs Adultes Anamn\u00e8se : 50 Euros Adultes S\u00e9ances : 60 Euros Adolescents Anamn\u00e8se ( 13-18 ans ) : 40 Euros Adolescents S\u00e9ances : 50 Euros Enfants Anamn\u00e8se ( - 13 ans ) : 40 Euros Enfants S\u00e9ances ( - 13 ans ) : 50 Euros Dur\u00e9e Adultes&nbsp;: environ 1 heureAdolescents&nbsp;: environ 45 minutesEnfants&nbsp;: environ 30 [&hellip;]\" \/>\n<meta property=\"og:url\" content=\"https:\/\/www.hypnosemelanie.fr\/index.php\/infos-pratiques\/\" \/>\n<meta property=\"og:site_name\" content=\"Hypnose et Sophrologie\" \/>\n<meta property=\"article:modified_time\" content=\"2025-10-17T15:20:04+00:00\" \/>\n<meta name=\"twitter:card\" content=\"summary_large_image\" \/>\n<meta name=\"twitter:label1\" content=\"Dur\u00e9e de lecture estim\u00e9e\" \/>\n\t<meta name=\"twitter:data1\" content=\"2 minutes\" \/>\n<script type=\"application\/ld+json\" class=\"yoast-schema-graph\">{\"@context\":\"https:\\\/\\\/schema.org\",\"@graph\":[{\"@type\":\"WebPage\",\"@id\":\"https:\\\/\\\/www.hypnosemelanie.fr\\\/index.php\\\/infos-pratiques\\\/\",\"url\":\"https:\\\/\\\/www.hypnosemelanie.fr\\\/index.php\\\/infos-pratiques\\\/\",\"name\":\"Informations pratiques - Hypnose et Sophrologie\",\"isPartOf\":{\"@id\":\"https:\\\/\\\/www.hypnosemelanie.fr\\\/#website\"},\"datePublished\":\"2024-01-02T18:19:31+00:00\",\"dateModified\":\"2025-10-17T15:20:04+00:00\",\"breadcrumb\":{\"@id\":\"https:\\\/\\\/www.hypnosemelanie.fr\\\/index.php\\\/infos-pratiques\\\/#breadcrumb\"},\"inLanguage\":\"fr-FR\",\"potentialAction\":[{\"@type\":\"ReadAction\",\"target\":[\"https:\\\/\\\/www.hypnosemelanie.fr\\\/index.php\\\/infos-pratiques\\\/\"]}]},{\"@type\":\"BreadcrumbList\",\"@id\":\"https:\\\/\\\/www.hypnosemelanie.fr\\\/index.php\\\/infos-pratiques\\\/#breadcrumb\",\"itemListElement\":[{\"@type\":\"ListItem\",\"position\":1,\"name\":\"Accueil\",\"item\":\"https:\\\/\\\/www.hypnosemelanie.fr\\\/\"},{\"@type\":\"ListItem\",\"position\":2,\"name\":\"Informations pratiques\"}]},{\"@type\":\"WebSite\",\"@id\":\"https:\\\/\\\/www.hypnosemelanie.fr\\\/#website\",\"url\":\"https:\\\/\\\/www.hypnosemelanie.fr\\\/\",\"name\":\"Hypnose et Sophrologie\",\"description\":\"\",\"potentialAction\":[{\"@type\":\"SearchAction\",\"target\":{\"@type\":\"EntryPoint\",\"urlTemplate\":\"https:\\\/\\\/www.hypnosemelanie.fr\\\/?s={search_term_string}\"},\"query-input\":{\"@type\":\"PropertyValueSpecification\",\"valueRequired\":true,\"valueName\":\"search_term_string\"}}],\"inLanguage\":\"fr-FR\"}]}<\/script>\n<!-- \/ Yoast SEO plugin. -->","yoast_head_json":{"title":"Informations pratiques - Hypnose et Sophrologie","robots":{"index":"index","follow":"follow","max-snippet":"max-snippet:-1","max-image-preview":"max-image-preview:large","max-video-preview":"max-video-preview:-1"},"canonical":"https:\/\/www.hypnosemelanie.fr\/index.php\/infos-pratiques\/","og_locale":"fr_FR","og_type":"article","og_title":"Informations pratiques - Hypnose et Sophrologie","og_description":"Tarifs Adultes Anamn\u00e8se : 50 Euros Adultes S\u00e9ances : 60 Euros Adolescents Anamn\u00e8se ( 13-18 ans ) : 40 Euros Adolescents S\u00e9ances : 50 Euros Enfants Anamn\u00e8se ( - 13 ans ) : 40 Euros Enfants S\u00e9ances ( - 13 ans ) : 50 Euros Dur\u00e9e Adultes&nbsp;: environ 1 heureAdolescents&nbsp;: environ 45 minutesEnfants&nbsp;: environ 30 [&hellip;]","og_url":"https:\/\/www.hypnosemelanie.fr\/index.php\/infos-pratiques\/","og_site_name":"Hypnose et Sophrologie","article_modified_time":"2025-10-17T15:20:04+00:00","twitter_card":"summary_large_image","twitter_misc":{"Dur\u00e9e de lecture estim\u00e9e":"2 minutes"},"schema":{"@context":"https:\/\/schema.org","@graph":[{"@type":"WebPage","@id":"https:\/\/www.hypnosemelanie.fr\/index.php\/infos-pratiques\/","url":"https:\/\/www.hypnosemelanie.fr\/index.php\/infos-pratiques\/","name":"Informations pratiques - Hypnose et Sophrologie","isPartOf":{"@id":"https:\/\/www.hypnosemelanie.fr\/#website"},"datePublished":"2024-01-02T18:19:31+00:00","dateModified":"2025-10-17T15:20:04+00:00","breadcrumb":{"@id":"https:\/\/www.hypnosemelanie.fr\/index.php\/infos-pratiques\/#breadcrumb"},"inLanguage":"fr-FR","potentialAction":[{"@type":"ReadAction","target":["https:\/\/www.hypnosemelanie.fr\/index.php\/infos-pratiques\/"]}]},{"@type":"BreadcrumbList","@id":"https:\/\/www.hypnosemelanie.fr\/index.php\/infos-pratiques\/#breadcrumb","itemListElement":[{"@type":"ListItem","position":1,"name":"Accueil","item":"https:\/\/www.hypnosemelanie.fr\/"},{"@type":"ListItem","position":2,"name":"Informations pratiques"}]},{"@type":"WebSite","@id":"https:\/\/www.hypnosemelanie.fr\/#website","url":"https:\/\/www.hypnosemelanie.fr\/","name":"Hypnose et Sophrologie","description":"","potentialAction":[{"@type":"SearchAction","target":{"@type":"EntryPoint","urlTemplate":"https:\/\/www.hypnosemelanie.fr\/?s={search_term_string}"},"query-input":{"@type":"PropertyValueSpecification","valueRequired":true,"valueName":"search_term_string"}}],"inLanguage":"fr-FR"}]}},"_links":{"self":[{"href":"https:\/\/www.hypnosemelanie.fr\/index.php\/wp-json\/wp\/v2\/pages\/1022","targetHints":{"allow":["GET"]}}],"collection":[{"href":"https:\/\/www.hypnosemelanie.fr\/index.php\/wp-json\/wp\/v2\/pages"}],"about":[{"href":"https:\/\/www.hypnosemelanie.fr\/index.php\/wp-json\/wp\/v2\/types\/page"}],"author":[{"embeddable":true,"href":"https:\/\/www.hypnosemelanie.fr\/index.php\/wp-json\/wp\/v2\/users\/1"}],"replies":[{"embeddable":true,"href":"https:\/\/www.hypnosemelanie.fr\/index.php\/wp-json\/wp\/v2\/comments?post=1022"}],"version-history":[{"count":15,"href":"https:\/\/www.hypnosemelanie.fr\/index.php\/wp-json\/wp\/v2\/pages\/1022\/revisions"}],"predecessor-version":[{"id":1483,"href":"https:\/\/www.hypnosemelanie.fr\/index.php\/wp-json\/wp\/v2\/pages\/1022\/revisions\/1483"}],"wp:attachment":[{"href":"https:\/\/www.hypnosemelanie.fr\/index.php\/wp-json\/wp\/v2\/media?parent=1022"}],"curies":[{"name":"wp","href":"https:\/\/api.w.org\/{rel}","templated":true}]}}