{"id":1020,"date":"2024-01-02T19:18:46","date_gmt":"2024-01-02T18:18:46","guid":{"rendered":"https:\/\/hypnosemelanie.fr\/?page_id=1020"},"modified":"2024-05-15T21:01:55","modified_gmt":"2024-05-15T19:01:55","slug":"les-enfants-de-0-a-18-ans","status":"publish","type":"page","link":"https:\/\/www.hypnosemelanie.fr\/index.php\/les-enfants-de-0-a-18-ans\/","title":{"rendered":"Les Enfants de 0 \u00e0 18 Ans"},"content":{"rendered":"\n<h2 class=\"wp-block-heading\">Pour les b\u00e9b\u00e9s<\/h2>\n\n\n<div class=\"wp-block-image\">\n<figure class=\"alignleft size-full is-resized\"><img loading=\"lazy\" decoding=\"async\" width=\"1024\" height=\"1024\" src=\"http:\/\/devmachine\/wp-content\/uploads\/2024\/03\/c9fa784e-b317-448d-b0f3-f9ce280dd5c1-1.jpg\" alt=\"\" class=\"wp-image-1227\" style=\"width:160px\" srcset=\"https:\/\/www.hypnosemelanie.fr\/wp-content\/uploads\/2024\/03\/c9fa784e-b317-448d-b0f3-f9ce280dd5c1-1.jpg 1024w, https:\/\/www.hypnosemelanie.fr\/wp-content\/uploads\/2024\/03\/c9fa784e-b317-448d-b0f3-f9ce280dd5c1-1-300x300.jpg 300w, https:\/\/www.hypnosemelanie.fr\/wp-content\/uploads\/2024\/03\/c9fa784e-b317-448d-b0f3-f9ce280dd5c1-1-150x150.jpg 150w, https:\/\/www.hypnosemelanie.fr\/wp-content\/uploads\/2024\/03\/c9fa784e-b317-448d-b0f3-f9ce280dd5c1-1-768x768.jpg 768w, https:\/\/www.hypnosemelanie.fr\/wp-content\/uploads\/2024\/03\/c9fa784e-b317-448d-b0f3-f9ce280dd5c1-1-600x600.jpg 600w\" sizes=\"auto, (max-width: 1024px) 100vw, 1024px\" \/><\/figure>\n<\/div>\n\n\n<p>La m\u00e8re est la mieux plac\u00e9e pour r\u00e9pondre aux besoins de son enfant donc la s\u00e9ance se d\u00e9roule avec la maman. Celle-ci va intuitivement proposer \u00e0 son b\u00e9b\u00e9 des suggestions hypnotiques \u00e0 type de bercements, de chants ou autre.<\/p>\n\n\n\n<p>Mon r\u00f4le va \u00eatre de vous r\u00e9assurer dans vos comp\u00e9tences et vos intuitions de maman au travers d\u2019histoires m\u00e9taphoriques.<\/p>\n\n\n\n<p>Il existe des outils de distractions utiles pour un tout petit, tr\u00e8s sensible \u00e0 son environnement sensoriel. Des stimuli comme le toucher de mati\u00e8res moelleuses, la chaleur, et, apportent une aide pour installer une atmosph\u00e8re tranquille et rassurante. A cet \u00e2ge, l\u2019hypnose s\u2019utilise de fa\u00e7on \u00ab&nbsp;saupoudr\u00e9e&nbsp;\u00bb.<\/p>\n\n\n\n<h2 class=\"wp-block-heading\">De 3 \u00e0 6 ans<\/h2>\n\n\n\n<div class=\"wp-block-group is-nowrap is-layout-flex wp-container-core-group-is-layout-64989fb1 wp-block-group-is-layout-flex\">\n<figure class=\"wp-block-image size-full is-resized\"><img loading=\"lazy\" decoding=\"async\" width=\"1024\" height=\"1024\" src=\"http:\/\/devmachine\/wp-content\/uploads\/2024\/03\/5ab4f1ae-2292-4550-a9db-7ba6fbb1878c-1.jpg\" alt=\"\" class=\"wp-image-1219\" style=\"width:160px\" srcset=\"https:\/\/www.hypnosemelanie.fr\/wp-content\/uploads\/2024\/03\/5ab4f1ae-2292-4550-a9db-7ba6fbb1878c-1.jpg 1024w, https:\/\/www.hypnosemelanie.fr\/wp-content\/uploads\/2024\/03\/5ab4f1ae-2292-4550-a9db-7ba6fbb1878c-1-300x300.jpg 300w, https:\/\/www.hypnosemelanie.fr\/wp-content\/uploads\/2024\/03\/5ab4f1ae-2292-4550-a9db-7ba6fbb1878c-1-150x150.jpg 150w, https:\/\/www.hypnosemelanie.fr\/wp-content\/uploads\/2024\/03\/5ab4f1ae-2292-4550-a9db-7ba6fbb1878c-1-768x768.jpg 768w, https:\/\/www.hypnosemelanie.fr\/wp-content\/uploads\/2024\/03\/5ab4f1ae-2292-4550-a9db-7ba6fbb1878c-1-600x600.jpg 600w\" sizes=\"auto, (max-width: 1024px) 100vw, 1024px\" \/><\/figure>\n\n\n\n<p class=\"wp-container-content-c9763a5f\">L\u2019enfant est capable de rester seul avec moi pour la s\u00e9ance car il devient accessible au langage verbal et entre de plein pied dans l\u2019imaginaire. Le recours aux jeux et aux contes Hypnotiques offre de nombreuses possibilit\u00e9s.<\/p>\n\n\n\n<p><\/p>\n<\/div>\n\n\n\n<h2 class=\"wp-block-heading\">Apr\u00e8s 6 ans<\/h2>\n\n\n\n<div class=\"wp-block-group is-horizontal is-nowrap is-layout-flex wp-container-core-group-is-layout-453002f2 wp-block-group-is-layout-flex\">\n<figure class=\"wp-block-image size-full is-resized\"><img loading=\"lazy\" decoding=\"async\" width=\"1024\" height=\"1024\" src=\"http:\/\/devmachine\/wp-content\/uploads\/2024\/03\/5ab269ab-6516-42e3-92d7-7a982972d5c4-2.jpg\" alt=\"\" class=\"wp-image-1233\" style=\"width:160px\" srcset=\"https:\/\/www.hypnosemelanie.fr\/wp-content\/uploads\/2024\/03\/5ab269ab-6516-42e3-92d7-7a982972d5c4-2.jpg 1024w, https:\/\/www.hypnosemelanie.fr\/wp-content\/uploads\/2024\/03\/5ab269ab-6516-42e3-92d7-7a982972d5c4-2-300x300.jpg 300w, https:\/\/www.hypnosemelanie.fr\/wp-content\/uploads\/2024\/03\/5ab269ab-6516-42e3-92d7-7a982972d5c4-2-150x150.jpg 150w, https:\/\/www.hypnosemelanie.fr\/wp-content\/uploads\/2024\/03\/5ab269ab-6516-42e3-92d7-7a982972d5c4-2-768x768.jpg 768w, https:\/\/www.hypnosemelanie.fr\/wp-content\/uploads\/2024\/03\/5ab269ab-6516-42e3-92d7-7a982972d5c4-2-600x600.jpg 600w\" sizes=\"auto, (max-width: 1024px) 100vw, 1024px\" \/><\/figure>\n\n\n\n<p class=\"wp-container-content-c9763a5f\">C\u2019est l\u2019\u00e2ge de la raison, et l\u2019\u00e2ge id\u00e9al. Les potentialit\u00e9s de l\u2019hypnose sont maximales \u00e0 cet \u00e2ge-l\u00e0 car l\u2019enfant est capable d\u2019imaginer mais aussi d\u2019\u00e9laborer. Il devient alors tr\u00e8s actif dans le processus.<\/p>\n\n\n\n<p><\/p>\n\n\n\n<p><\/p>\n<\/div>\n\n\n\n<h2 class=\"wp-block-heading\">A l'adolescence<\/h2>\n\n\n\n<div class=\"wp-block-group is-horizontal is-nowrap is-layout-flex wp-container-core-group-is-layout-453002f2 wp-block-group-is-layout-flex\">\n<figure class=\"wp-block-image size-full is-resized\"><img loading=\"lazy\" decoding=\"async\" width=\"1024\" height=\"1024\" src=\"http:\/\/devmachine\/wp-content\/uploads\/2024\/03\/2c17fba4-8cb7-45dd-b62f-1456089224b3.jpg\" alt=\"\" class=\"wp-image-1221\" style=\"width:160px\" srcset=\"https:\/\/www.hypnosemelanie.fr\/wp-content\/uploads\/2024\/03\/2c17fba4-8cb7-45dd-b62f-1456089224b3.jpg 1024w, https:\/\/www.hypnosemelanie.fr\/wp-content\/uploads\/2024\/03\/2c17fba4-8cb7-45dd-b62f-1456089224b3-300x300.jpg 300w, https:\/\/www.hypnosemelanie.fr\/wp-content\/uploads\/2024\/03\/2c17fba4-8cb7-45dd-b62f-1456089224b3-150x150.jpg 150w, https:\/\/www.hypnosemelanie.fr\/wp-content\/uploads\/2024\/03\/2c17fba4-8cb7-45dd-b62f-1456089224b3-768x768.jpg 768w, https:\/\/www.hypnosemelanie.fr\/wp-content\/uploads\/2024\/03\/2c17fba4-8cb7-45dd-b62f-1456089224b3-600x600.jpg 600w\" sizes=\"auto, (max-width: 1024px) 100vw, 1024px\" \/><\/figure>\n\n\n\n<p class=\"wp-container-content-c9763a5f\">Les adolescents ont l\u2019apparence physique de l\u2019adulte mais encore une affectivit\u00e9 d\u2019enfant. Ils sont donc tout aussi r\u00e9ceptifs et ouverts \u00e0 l\u2019imaginaire, un monde virtuel dans lequel ils se sentent libres. Cette libert\u00e9 leur permet de transformer les choses, de se ressourcer dans un jardin secret Ils n\u2019ont pas toujours envie de se livrer, de parler par peur du jugement n\u00e9gatif ou par pudeur. L\u2019hypnose leur permet de travailler leurs probl\u00e8mes sans passer par le r\u00e9cit.<\/p>\n\n\n\n<p><\/p>\n\n\n\n<p><\/p>\n<\/div>\n\n\n\n<p><\/p>\n\n\n\n<p><\/p>\n","protected":false},"excerpt":{"rendered":"<p>Pour les b\u00e9b\u00e9s La m\u00e8re est la mieux plac\u00e9e pour r\u00e9pondre aux besoins de son enfant donc la s\u00e9ance se d\u00e9roule avec la maman. Celle-ci va intuitivement proposer \u00e0 son b\u00e9b\u00e9 des suggestions hypnotiques \u00e0 type de bercements, de chants ou autre. Mon r\u00f4le va \u00eatre de vous r\u00e9assurer dans vos comp\u00e9tences et vos intuitions [&hellip;]<\/p>\n","protected":false},"author":1,"featured_media":0,"parent":0,"menu_order":0,"comment_status":"closed","ping_status":"closed","template":"","meta":{"ocean_post_layout":"","ocean_both_sidebars_style":"","ocean_both_sidebars_content_width":0,"ocean_both_sidebars_sidebars_width":0,"ocean_sidebar":"","ocean_second_sidebar":"","ocean_disable_margins":"enable","ocean_add_body_class":"","ocean_shortcode_before_top_bar":"","ocean_shortcode_after_top_bar":"","ocean_shortcode_before_header":"","ocean_shortcode_after_header":"","ocean_has_shortcode":"","ocean_shortcode_after_title":"","ocean_shortcode_before_footer_widgets":"","ocean_shortcode_after_footer_widgets":"","ocean_shortcode_before_footer_bottom":"","ocean_shortcode_after_footer_bottom":"","ocean_display_top_bar":"default","ocean_display_header":"default","ocean_header_style":"","ocean_center_header_left_menu":"","ocean_custom_header_template":"","ocean_custom_logo":0,"ocean_custom_retina_logo":0,"ocean_custom_logo_max_width":0,"ocean_custom_logo_tablet_max_width":0,"ocean_custom_logo_mobile_max_width":0,"ocean_custom_logo_max_height":0,"ocean_custom_logo_tablet_max_height":0,"ocean_custom_logo_mobile_max_height":0,"ocean_header_custom_menu":"","ocean_menu_typo_font_family":"","ocean_menu_typo_font_subset":"","ocean_menu_typo_font_size":0,"ocean_menu_typo_font_size_tablet":0,"ocean_menu_typo_font_size_mobile":0,"ocean_menu_typo_font_size_unit":"px","ocean_menu_typo_font_weight":"","ocean_menu_typo_font_weight_tablet":"","ocean_menu_typo_font_weight_mobile":"","ocean_menu_typo_transform":"","ocean_menu_typo_transform_tablet":"","ocean_menu_typo_transform_mobile":"","ocean_menu_typo_line_height":0,"ocean_menu_typo_line_height_tablet":0,"ocean_menu_typo_line_height_mobile":0,"ocean_menu_typo_line_height_unit":"","ocean_menu_typo_spacing":0,"ocean_menu_typo_spacing_tablet":0,"ocean_menu_typo_spacing_mobile":0,"ocean_menu_typo_spacing_unit":"","ocean_menu_link_color":"","ocean_menu_link_color_hover":"","ocean_menu_link_color_active":"","ocean_menu_link_background":"","ocean_menu_link_hover_background":"","ocean_menu_link_active_background":"","ocean_menu_social_links_bg":"","ocean_menu_social_hover_links_bg":"","ocean_menu_social_links_color":"","ocean_menu_social_hover_links_color":"","ocean_disable_title":"default","ocean_disable_heading":"default","ocean_post_title":"","ocean_post_subheading":"","ocean_post_title_style":"","ocean_post_title_background_color":"","ocean_post_title_background":0,"ocean_post_title_bg_image_position":"","ocean_post_title_bg_image_attachment":"","ocean_post_title_bg_image_repeat":"","ocean_post_title_bg_image_size":"","ocean_post_title_height":0,"ocean_post_title_bg_overlay":0.5,"ocean_post_title_bg_overlay_color":"","ocean_disable_breadcrumbs":"default","ocean_breadcrumbs_color":"","ocean_breadcrumbs_separator_color":"","ocean_breadcrumbs_links_color":"","ocean_breadcrumbs_links_hover_color":"","ocean_display_footer_widgets":"default","ocean_display_footer_bottom":"default","ocean_custom_footer_template":"","_glsr_average":0,"_glsr_ranking":0,"_glsr_reviews":0,"footnotes":""},"class_list":["post-1020","page","type-page","status-publish","hentry","entry"],"yoast_head":"<!-- This site is optimized with the Yoast SEO plugin v27.6 - https:\/\/yoast.com\/product\/yoast-seo-wordpress\/ -->\n<title>Les Enfants de 0 \u00e0 18 Ans - Hypnose et Sophrologie<\/title>\n<meta name=\"robots\" content=\"index, follow, max-snippet:-1, max-image-preview:large, max-video-preview:-1\" \/>\n<link rel=\"canonical\" href=\"https:\/\/www.hypnosemelanie.fr\/index.php\/les-enfants-de-0-a-18-ans\/\" \/>\n<meta property=\"og:locale\" content=\"fr_FR\" \/>\n<meta property=\"og:type\" content=\"article\" \/>\n<meta property=\"og:title\" content=\"Les Enfants de 0 \u00e0 18 Ans - Hypnose et Sophrologie\" \/>\n<meta property=\"og:description\" content=\"Pour les b\u00e9b\u00e9s La m\u00e8re est la mieux plac\u00e9e pour r\u00e9pondre aux besoins de son enfant donc la s\u00e9ance se d\u00e9roule avec la maman. Celle-ci va intuitivement proposer \u00e0 son b\u00e9b\u00e9 des suggestions hypnotiques \u00e0 type de bercements, de chants ou autre. Mon r\u00f4le va \u00eatre de vous r\u00e9assurer dans vos comp\u00e9tences et vos intuitions [&hellip;]\" \/>\n<meta property=\"og:url\" content=\"https:\/\/www.hypnosemelanie.fr\/index.php\/les-enfants-de-0-a-18-ans\/\" \/>\n<meta property=\"og:site_name\" content=\"Hypnose et Sophrologie\" \/>\n<meta property=\"article:modified_time\" content=\"2024-05-15T19:01:55+00:00\" \/>\n<meta property=\"og:image\" content=\"http:\/\/devmachine\/wp-content\/uploads\/2024\/03\/c9fa784e-b317-448d-b0f3-f9ce280dd5c1-1.jpg\" \/>\n<meta name=\"twitter:card\" content=\"summary_large_image\" \/>\n<meta name=\"twitter:label1\" content=\"Dur\u00e9e de lecture estim\u00e9e\" \/>\n\t<meta name=\"twitter:data1\" content=\"3 minutes\" \/>\n<script type=\"application\/ld+json\" class=\"yoast-schema-graph\">{\"@context\":\"https:\\\/\\\/schema.org\",\"@graph\":[{\"@type\":\"WebPage\",\"@id\":\"https:\\\/\\\/www.hypnosemelanie.fr\\\/index.php\\\/les-enfants-de-0-a-18-ans\\\/\",\"url\":\"https:\\\/\\\/www.hypnosemelanie.fr\\\/index.php\\\/les-enfants-de-0-a-18-ans\\\/\",\"name\":\"Les Enfants de 0 \u00e0 18 Ans - Hypnose et Sophrologie\",\"isPartOf\":{\"@id\":\"https:\\\/\\\/www.hypnosemelanie.fr\\\/#website\"},\"primaryImageOfPage\":{\"@id\":\"https:\\\/\\\/www.hypnosemelanie.fr\\\/index.php\\\/les-enfants-de-0-a-18-ans\\\/#primaryimage\"},\"image\":{\"@id\":\"https:\\\/\\\/www.hypnosemelanie.fr\\\/index.php\\\/les-enfants-de-0-a-18-ans\\\/#primaryimage\"},\"thumbnailUrl\":\"http:\\\/\\\/devmachine\\\/wp-content\\\/uploads\\\/2024\\\/03\\\/c9fa784e-b317-448d-b0f3-f9ce280dd5c1-1.jpg\",\"datePublished\":\"2024-01-02T18:18:46+00:00\",\"dateModified\":\"2024-05-15T19:01:55+00:00\",\"breadcrumb\":{\"@id\":\"https:\\\/\\\/www.hypnosemelanie.fr\\\/index.php\\\/les-enfants-de-0-a-18-ans\\\/#breadcrumb\"},\"inLanguage\":\"fr-FR\",\"potentialAction\":[{\"@type\":\"ReadAction\",\"target\":[\"https:\\\/\\\/www.hypnosemelanie.fr\\\/index.php\\\/les-enfants-de-0-a-18-ans\\\/\"]}]},{\"@type\":\"ImageObject\",\"inLanguage\":\"fr-FR\",\"@id\":\"https:\\\/\\\/www.hypnosemelanie.fr\\\/index.php\\\/les-enfants-de-0-a-18-ans\\\/#primaryimage\",\"url\":\"http:\\\/\\\/devmachine\\\/wp-content\\\/uploads\\\/2024\\\/03\\\/c9fa784e-b317-448d-b0f3-f9ce280dd5c1-1.jpg\",\"contentUrl\":\"http:\\\/\\\/devmachine\\\/wp-content\\\/uploads\\\/2024\\\/03\\\/c9fa784e-b317-448d-b0f3-f9ce280dd5c1-1.jpg\"},{\"@type\":\"BreadcrumbList\",\"@id\":\"https:\\\/\\\/www.hypnosemelanie.fr\\\/index.php\\\/les-enfants-de-0-a-18-ans\\\/#breadcrumb\",\"itemListElement\":[{\"@type\":\"ListItem\",\"position\":1,\"name\":\"Accueil\",\"item\":\"https:\\\/\\\/www.hypnosemelanie.fr\\\/\"},{\"@type\":\"ListItem\",\"position\":2,\"name\":\"Les Enfants de 0 \u00e0 18 Ans\"}]},{\"@type\":\"WebSite\",\"@id\":\"https:\\\/\\\/www.hypnosemelanie.fr\\\/#website\",\"url\":\"https:\\\/\\\/www.hypnosemelanie.fr\\\/\",\"name\":\"Hypnose et Sophrologie\",\"description\":\"\",\"potentialAction\":[{\"@type\":\"SearchAction\",\"target\":{\"@type\":\"EntryPoint\",\"urlTemplate\":\"https:\\\/\\\/www.hypnosemelanie.fr\\\/?s={search_term_string}\"},\"query-input\":{\"@type\":\"PropertyValueSpecification\",\"valueRequired\":true,\"valueName\":\"search_term_string\"}}],\"inLanguage\":\"fr-FR\"}]}<\/script>\n<!-- \/ Yoast SEO plugin. -->","yoast_head_json":{"title":"Les Enfants de 0 \u00e0 18 Ans - Hypnose et Sophrologie","robots":{"index":"index","follow":"follow","max-snippet":"max-snippet:-1","max-image-preview":"max-image-preview:large","max-video-preview":"max-video-preview:-1"},"canonical":"https:\/\/www.hypnosemelanie.fr\/index.php\/les-enfants-de-0-a-18-ans\/","og_locale":"fr_FR","og_type":"article","og_title":"Les Enfants de 0 \u00e0 18 Ans - Hypnose et Sophrologie","og_description":"Pour les b\u00e9b\u00e9s La m\u00e8re est la mieux plac\u00e9e pour r\u00e9pondre aux besoins de son enfant donc la s\u00e9ance se d\u00e9roule avec la maman. Celle-ci va intuitivement proposer \u00e0 son b\u00e9b\u00e9 des suggestions hypnotiques \u00e0 type de bercements, de chants ou autre. Mon r\u00f4le va \u00eatre de vous r\u00e9assurer dans vos comp\u00e9tences et vos intuitions [&hellip;]","og_url":"https:\/\/www.hypnosemelanie.fr\/index.php\/les-enfants-de-0-a-18-ans\/","og_site_name":"Hypnose et Sophrologie","article_modified_time":"2024-05-15T19:01:55+00:00","og_image":[{"url":"http:\/\/devmachine\/wp-content\/uploads\/2024\/03\/c9fa784e-b317-448d-b0f3-f9ce280dd5c1-1.jpg","type":"","width":"","height":""}],"twitter_card":"summary_large_image","twitter_misc":{"Dur\u00e9e de lecture estim\u00e9e":"3 minutes"},"schema":{"@context":"https:\/\/schema.org","@graph":[{"@type":"WebPage","@id":"https:\/\/www.hypnosemelanie.fr\/index.php\/les-enfants-de-0-a-18-ans\/","url":"https:\/\/www.hypnosemelanie.fr\/index.php\/les-enfants-de-0-a-18-ans\/","name":"Les Enfants de 0 \u00e0 18 Ans - Hypnose et Sophrologie","isPartOf":{"@id":"https:\/\/www.hypnosemelanie.fr\/#website"},"primaryImageOfPage":{"@id":"https:\/\/www.hypnosemelanie.fr\/index.php\/les-enfants-de-0-a-18-ans\/#primaryimage"},"image":{"@id":"https:\/\/www.hypnosemelanie.fr\/index.php\/les-enfants-de-0-a-18-ans\/#primaryimage"},"thumbnailUrl":"http:\/\/devmachine\/wp-content\/uploads\/2024\/03\/c9fa784e-b317-448d-b0f3-f9ce280dd5c1-1.jpg","datePublished":"2024-01-02T18:18:46+00:00","dateModified":"2024-05-15T19:01:55+00:00","breadcrumb":{"@id":"https:\/\/www.hypnosemelanie.fr\/index.php\/les-enfants-de-0-a-18-ans\/#breadcrumb"},"inLanguage":"fr-FR","potentialAction":[{"@type":"ReadAction","target":["https:\/\/www.hypnosemelanie.fr\/index.php\/les-enfants-de-0-a-18-ans\/"]}]},{"@type":"ImageObject","inLanguage":"fr-FR","@id":"https:\/\/www.hypnosemelanie.fr\/index.php\/les-enfants-de-0-a-18-ans\/#primaryimage","url":"http:\/\/devmachine\/wp-content\/uploads\/2024\/03\/c9fa784e-b317-448d-b0f3-f9ce280dd5c1-1.jpg","contentUrl":"http:\/\/devmachine\/wp-content\/uploads\/2024\/03\/c9fa784e-b317-448d-b0f3-f9ce280dd5c1-1.jpg"},{"@type":"BreadcrumbList","@id":"https:\/\/www.hypnosemelanie.fr\/index.php\/les-enfants-de-0-a-18-ans\/#breadcrumb","itemListElement":[{"@type":"ListItem","position":1,"name":"Accueil","item":"https:\/\/www.hypnosemelanie.fr\/"},{"@type":"ListItem","position":2,"name":"Les Enfants de 0 \u00e0 18 Ans"}]},{"@type":"WebSite","@id":"https:\/\/www.hypnosemelanie.fr\/#website","url":"https:\/\/www.hypnosemelanie.fr\/","name":"Hypnose et Sophrologie","description":"","potentialAction":[{"@type":"SearchAction","target":{"@type":"EntryPoint","urlTemplate":"https:\/\/www.hypnosemelanie.fr\/?s={search_term_string}"},"query-input":{"@type":"PropertyValueSpecification","valueRequired":true,"valueName":"search_term_string"}}],"inLanguage":"fr-FR"}]}},"_links":{"self":[{"href":"https:\/\/www.hypnosemelanie.fr\/index.php\/wp-json\/wp\/v2\/pages\/1020","targetHints":{"allow":["GET"]}}],"collection":[{"href":"https:\/\/www.hypnosemelanie.fr\/index.php\/wp-json\/wp\/v2\/pages"}],"about":[{"href":"https:\/\/www.hypnosemelanie.fr\/index.php\/wp-json\/wp\/v2\/types\/page"}],"author":[{"embeddable":true,"href":"https:\/\/www.hypnosemelanie.fr\/index.php\/wp-json\/wp\/v2\/users\/1"}],"replies":[{"embeddable":true,"href":"https:\/\/www.hypnosemelanie.fr\/index.php\/wp-json\/wp\/v2\/comments?post=1020"}],"version-history":[{"count":18,"href":"https:\/\/www.hypnosemelanie.fr\/index.php\/wp-json\/wp\/v2\/pages\/1020\/revisions"}],"predecessor-version":[{"id":1294,"href":"https:\/\/www.hypnosemelanie.fr\/index.php\/wp-json\/wp\/v2\/pages\/1020\/revisions\/1294"}],"wp:attachment":[{"href":"https:\/\/www.hypnosemelanie.fr\/index.php\/wp-json\/wp\/v2\/media?parent=1020"}],"curies":[{"name":"wp","href":"https:\/\/api.w.org\/{rel}","templated":true}]}}