{"id":1018,"date":"2024-01-02T19:18:01","date_gmt":"2024-01-02T18:18:01","guid":{"rendered":"https:\/\/hypnosemelanie.fr\/?page_id=1018"},"modified":"2024-05-16T11:35:09","modified_gmt":"2024-05-16T09:35:09","slug":"pour-quoi","status":"publish","type":"page","link":"https:\/\/www.hypnosemelanie.fr\/index.php\/pour-quoi\/","title":{"rendered":"Pour Quoi\u00a0?"},"content":{"rendered":"\n<h2 class=\"wp-block-heading\">Dans quel but, et dans quelles situations venir me contacter ?<\/h2>\n\n\n\n<p>L\u2019hypnose peut avoir des applications vari\u00e9es. Je vous propose une liste de difficult\u00e9s que je pourrais vous aider \u00e0 surmonter.<\/p>\n\n\n\n<ul class=\"wp-block-list\">\n<li>Probl\u00e8mes de confiance, d\u2019estime de soi<\/li>\n\n\n\n<li>Gestion du stress, de l\u2019anxi\u00e9t\u00e9, de la col\u00e8re, des \u00e9motions<\/li>\n\n\n\n<li>Situations de d\u00e9pression, de burn-out<\/li>\n\n\n\n<li>Douleurs chroniques, troubles du sommeil<\/li>\n\n\n\n<li>Deuil, s\u00e9paration<\/li>\n\n\n\n<li>D\u00e9veloppement de ses capacit\u00e9s<\/li>\n<\/ul>\n\n\n<div class=\"wp-block-image\">\n<figure class=\"alignleft size-full is-resized\"><img loading=\"lazy\" decoding=\"async\" width=\"766\" height=\"770\" src=\"http:\/\/devmachine\/wp-content\/uploads\/2024\/03\/image_2024-03-30_191434673.png\" alt=\"\" class=\"wp-image-1247\" style=\"width:126px;height:auto\" srcset=\"https:\/\/www.hypnosemelanie.fr\/wp-content\/uploads\/2024\/03\/image_2024-03-30_191434673.png 766w, https:\/\/www.hypnosemelanie.fr\/wp-content\/uploads\/2024\/03\/image_2024-03-30_191434673-298x300.png 298w, https:\/\/www.hypnosemelanie.fr\/wp-content\/uploads\/2024\/03\/image_2024-03-30_191434673-150x150.png 150w\" sizes=\"auto, (max-width: 766px) 100vw, 766px\" \/><\/figure>\n<\/div>\n\n\n<p>La pertinence d\u2019une approche par l\u2019hypnose sera, dans tous les cas, \u00e9tudi\u00e9e lors de l\u2019anamn\u00e8se.<\/p>\n\n\n\n<p>Il est important de garder \u00e0 l\u2019esprit que l\u2019hypnose que je pratique est incompatible avec les pathologies psychiatriques, l\u2019anorexie. Bien qu\u2019elle puisse \u00eatre un compl\u00e9ment \u00e0 un suivi m\u00e9dical, elle ne s\u2019y substitue pas. Je ne traite pas les addictions telles que le tabac, l'alcool ou les drogues.<\/p>\n\n\n\n<p>Je travaille dans une <a href=\"https:\/\/www.hypnosemelanie.fr\/index.php\/infos-pratiques\/\">maison de soins<\/a> avec des professionnels de Sant\u00e9 qui pourront vous proposer d\u2019autres outils th\u00e9rapeutiques plus adapt\u00e9s si vous en avez besoin. Nous pourrons \u00e9valuer ensemble ces besoins durant l\u2019anamn\u00e8se.<\/p>\n\n\n\n<p>Votre Sant\u00e9 est ma priorit\u00e9.<\/p>\n","protected":false},"excerpt":{"rendered":"<p>Dans quel but, et dans quelles situations venir me contacter ? L\u2019hypnose peut avoir des applications vari\u00e9es. Je vous propose une liste de difficult\u00e9s que je pourrais vous aider \u00e0 surmonter. La pertinence d\u2019une approche par l\u2019hypnose sera, dans tous les cas, \u00e9tudi\u00e9e lors de l\u2019anamn\u00e8se. Il est important de garder \u00e0 l\u2019esprit que l\u2019hypnose [&hellip;]<\/p>\n","protected":false},"author":1,"featured_media":0,"parent":0,"menu_order":0,"comment_status":"closed","ping_status":"closed","template":"","meta":{"ocean_post_layout":"","ocean_both_sidebars_style":"","ocean_both_sidebars_content_width":0,"ocean_both_sidebars_sidebars_width":0,"ocean_sidebar":"","ocean_second_sidebar":"","ocean_disable_margins":"enable","ocean_add_body_class":"","ocean_shortcode_before_top_bar":"","ocean_shortcode_after_top_bar":"","ocean_shortcode_before_header":"","ocean_shortcode_after_header":"","ocean_has_shortcode":"","ocean_shortcode_after_title":"","ocean_shortcode_before_footer_widgets":"","ocean_shortcode_after_footer_widgets":"","ocean_shortcode_before_footer_bottom":"","ocean_shortcode_after_footer_bottom":"","ocean_display_top_bar":"default","ocean_display_header":"default","ocean_header_style":"","ocean_center_header_left_menu":"","ocean_custom_header_template":"","ocean_custom_logo":0,"ocean_custom_retina_logo":0,"ocean_custom_logo_max_width":0,"ocean_custom_logo_tablet_max_width":0,"ocean_custom_logo_mobile_max_width":0,"ocean_custom_logo_max_height":0,"ocean_custom_logo_tablet_max_height":0,"ocean_custom_logo_mobile_max_height":0,"ocean_header_custom_menu":"","ocean_menu_typo_font_family":"","ocean_menu_typo_font_subset":"","ocean_menu_typo_font_size":0,"ocean_menu_typo_font_size_tablet":0,"ocean_menu_typo_font_size_mobile":0,"ocean_menu_typo_font_size_unit":"px","ocean_menu_typo_font_weight":"","ocean_menu_typo_font_weight_tablet":"","ocean_menu_typo_font_weight_mobile":"","ocean_menu_typo_transform":"","ocean_menu_typo_transform_tablet":"","ocean_menu_typo_transform_mobile":"","ocean_menu_typo_line_height":0,"ocean_menu_typo_line_height_tablet":0,"ocean_menu_typo_line_height_mobile":0,"ocean_menu_typo_line_height_unit":"","ocean_menu_typo_spacing":0,"ocean_menu_typo_spacing_tablet":0,"ocean_menu_typo_spacing_mobile":0,"ocean_menu_typo_spacing_unit":"","ocean_menu_link_color":"","ocean_menu_link_color_hover":"","ocean_menu_link_color_active":"","ocean_menu_link_background":"","ocean_menu_link_hover_background":"","ocean_menu_link_active_background":"","ocean_menu_social_links_bg":"","ocean_menu_social_hover_links_bg":"","ocean_menu_social_links_color":"","ocean_menu_social_hover_links_color":"","ocean_disable_title":"default","ocean_disable_heading":"default","ocean_post_title":"","ocean_post_subheading":"","ocean_post_title_style":"","ocean_post_title_background_color":"","ocean_post_title_background":0,"ocean_post_title_bg_image_position":"","ocean_post_title_bg_image_attachment":"","ocean_post_title_bg_image_repeat":"","ocean_post_title_bg_image_size":"","ocean_post_title_height":0,"ocean_post_title_bg_overlay":0.5,"ocean_post_title_bg_overlay_color":"","ocean_disable_breadcrumbs":"default","ocean_breadcrumbs_color":"","ocean_breadcrumbs_separator_color":"","ocean_breadcrumbs_links_color":"","ocean_breadcrumbs_links_hover_color":"","ocean_display_footer_widgets":"default","ocean_display_footer_bottom":"default","ocean_custom_footer_template":"","_glsr_average":0,"_glsr_ranking":0,"_glsr_reviews":0,"footnotes":""},"class_list":["post-1018","page","type-page","status-publish","hentry","entry"],"yoast_head":"<!-- This site is optimized with the Yoast SEO plugin v27.6 - https:\/\/yoast.com\/product\/yoast-seo-wordpress\/ -->\n<title>Pour Quoi\u00a0? - Hypnose et Sophrologie<\/title>\n<meta name=\"robots\" content=\"index, follow, max-snippet:-1, max-image-preview:large, max-video-preview:-1\" \/>\n<link rel=\"canonical\" href=\"https:\/\/www.hypnosemelanie.fr\/index.php\/pour-quoi\/\" \/>\n<meta property=\"og:locale\" content=\"fr_FR\" \/>\n<meta property=\"og:type\" content=\"article\" \/>\n<meta property=\"og:title\" content=\"Pour Quoi\u00a0? - Hypnose et Sophrologie\" \/>\n<meta property=\"og:description\" content=\"Dans quel but, et dans quelles situations venir me contacter ? L\u2019hypnose peut avoir des applications vari\u00e9es. Je vous propose une liste de difficult\u00e9s que je pourrais vous aider \u00e0 surmonter. La pertinence d\u2019une approche par l\u2019hypnose sera, dans tous les cas, \u00e9tudi\u00e9e lors de l\u2019anamn\u00e8se. Il est important de garder \u00e0 l\u2019esprit que l\u2019hypnose [&hellip;]\" \/>\n<meta property=\"og:url\" content=\"https:\/\/www.hypnosemelanie.fr\/index.php\/pour-quoi\/\" \/>\n<meta property=\"og:site_name\" content=\"Hypnose et Sophrologie\" \/>\n<meta property=\"article:modified_time\" content=\"2024-05-16T09:35:09+00:00\" \/>\n<meta property=\"og:image\" content=\"http:\/\/devmachine\/wp-content\/uploads\/2024\/03\/image_2024-03-30_191434673.png\" \/>\n<meta name=\"twitter:card\" content=\"summary_large_image\" \/>\n<meta name=\"twitter:label1\" content=\"Dur\u00e9e de lecture estim\u00e9e\" \/>\n\t<meta name=\"twitter:data1\" content=\"2 minutes\" \/>\n<script type=\"application\/ld+json\" class=\"yoast-schema-graph\">{\"@context\":\"https:\\\/\\\/schema.org\",\"@graph\":[{\"@type\":\"WebPage\",\"@id\":\"https:\\\/\\\/www.hypnosemelanie.fr\\\/index.php\\\/pour-quoi\\\/\",\"url\":\"https:\\\/\\\/www.hypnosemelanie.fr\\\/index.php\\\/pour-quoi\\\/\",\"name\":\"Pour Quoi\u00a0? - Hypnose et Sophrologie\",\"isPartOf\":{\"@id\":\"https:\\\/\\\/www.hypnosemelanie.fr\\\/#website\"},\"primaryImageOfPage\":{\"@id\":\"https:\\\/\\\/www.hypnosemelanie.fr\\\/index.php\\\/pour-quoi\\\/#primaryimage\"},\"image\":{\"@id\":\"https:\\\/\\\/www.hypnosemelanie.fr\\\/index.php\\\/pour-quoi\\\/#primaryimage\"},\"thumbnailUrl\":\"http:\\\/\\\/devmachine\\\/wp-content\\\/uploads\\\/2024\\\/03\\\/image_2024-03-30_191434673.png\",\"datePublished\":\"2024-01-02T18:18:01+00:00\",\"dateModified\":\"2024-05-16T09:35:09+00:00\",\"breadcrumb\":{\"@id\":\"https:\\\/\\\/www.hypnosemelanie.fr\\\/index.php\\\/pour-quoi\\\/#breadcrumb\"},\"inLanguage\":\"fr-FR\",\"potentialAction\":[{\"@type\":\"ReadAction\",\"target\":[\"https:\\\/\\\/www.hypnosemelanie.fr\\\/index.php\\\/pour-quoi\\\/\"]}]},{\"@type\":\"ImageObject\",\"inLanguage\":\"fr-FR\",\"@id\":\"https:\\\/\\\/www.hypnosemelanie.fr\\\/index.php\\\/pour-quoi\\\/#primaryimage\",\"url\":\"http:\\\/\\\/devmachine\\\/wp-content\\\/uploads\\\/2024\\\/03\\\/image_2024-03-30_191434673.png\",\"contentUrl\":\"http:\\\/\\\/devmachine\\\/wp-content\\\/uploads\\\/2024\\\/03\\\/image_2024-03-30_191434673.png\"},{\"@type\":\"BreadcrumbList\",\"@id\":\"https:\\\/\\\/www.hypnosemelanie.fr\\\/index.php\\\/pour-quoi\\\/#breadcrumb\",\"itemListElement\":[{\"@type\":\"ListItem\",\"position\":1,\"name\":\"Accueil\",\"item\":\"https:\\\/\\\/www.hypnosemelanie.fr\\\/\"},{\"@type\":\"ListItem\",\"position\":2,\"name\":\"Pour Quoi\u00a0?\"}]},{\"@type\":\"WebSite\",\"@id\":\"https:\\\/\\\/www.hypnosemelanie.fr\\\/#website\",\"url\":\"https:\\\/\\\/www.hypnosemelanie.fr\\\/\",\"name\":\"Hypnose et Sophrologie\",\"description\":\"\",\"potentialAction\":[{\"@type\":\"SearchAction\",\"target\":{\"@type\":\"EntryPoint\",\"urlTemplate\":\"https:\\\/\\\/www.hypnosemelanie.fr\\\/?s={search_term_string}\"},\"query-input\":{\"@type\":\"PropertyValueSpecification\",\"valueRequired\":true,\"valueName\":\"search_term_string\"}}],\"inLanguage\":\"fr-FR\"}]}<\/script>\n<!-- \/ Yoast SEO plugin. -->","yoast_head_json":{"title":"Pour Quoi\u00a0? - Hypnose et Sophrologie","robots":{"index":"index","follow":"follow","max-snippet":"max-snippet:-1","max-image-preview":"max-image-preview:large","max-video-preview":"max-video-preview:-1"},"canonical":"https:\/\/www.hypnosemelanie.fr\/index.php\/pour-quoi\/","og_locale":"fr_FR","og_type":"article","og_title":"Pour Quoi\u00a0? - Hypnose et Sophrologie","og_description":"Dans quel but, et dans quelles situations venir me contacter ? L\u2019hypnose peut avoir des applications vari\u00e9es. Je vous propose une liste de difficult\u00e9s que je pourrais vous aider \u00e0 surmonter. La pertinence d\u2019une approche par l\u2019hypnose sera, dans tous les cas, \u00e9tudi\u00e9e lors de l\u2019anamn\u00e8se. Il est important de garder \u00e0 l\u2019esprit que l\u2019hypnose [&hellip;]","og_url":"https:\/\/www.hypnosemelanie.fr\/index.php\/pour-quoi\/","og_site_name":"Hypnose et Sophrologie","article_modified_time":"2024-05-16T09:35:09+00:00","og_image":[{"url":"http:\/\/devmachine\/wp-content\/uploads\/2024\/03\/image_2024-03-30_191434673.png","type":"","width":"","height":""}],"twitter_card":"summary_large_image","twitter_misc":{"Dur\u00e9e de lecture estim\u00e9e":"2 minutes"},"schema":{"@context":"https:\/\/schema.org","@graph":[{"@type":"WebPage","@id":"https:\/\/www.hypnosemelanie.fr\/index.php\/pour-quoi\/","url":"https:\/\/www.hypnosemelanie.fr\/index.php\/pour-quoi\/","name":"Pour Quoi\u00a0? - Hypnose et Sophrologie","isPartOf":{"@id":"https:\/\/www.hypnosemelanie.fr\/#website"},"primaryImageOfPage":{"@id":"https:\/\/www.hypnosemelanie.fr\/index.php\/pour-quoi\/#primaryimage"},"image":{"@id":"https:\/\/www.hypnosemelanie.fr\/index.php\/pour-quoi\/#primaryimage"},"thumbnailUrl":"http:\/\/devmachine\/wp-content\/uploads\/2024\/03\/image_2024-03-30_191434673.png","datePublished":"2024-01-02T18:18:01+00:00","dateModified":"2024-05-16T09:35:09+00:00","breadcrumb":{"@id":"https:\/\/www.hypnosemelanie.fr\/index.php\/pour-quoi\/#breadcrumb"},"inLanguage":"fr-FR","potentialAction":[{"@type":"ReadAction","target":["https:\/\/www.hypnosemelanie.fr\/index.php\/pour-quoi\/"]}]},{"@type":"ImageObject","inLanguage":"fr-FR","@id":"https:\/\/www.hypnosemelanie.fr\/index.php\/pour-quoi\/#primaryimage","url":"http:\/\/devmachine\/wp-content\/uploads\/2024\/03\/image_2024-03-30_191434673.png","contentUrl":"http:\/\/devmachine\/wp-content\/uploads\/2024\/03\/image_2024-03-30_191434673.png"},{"@type":"BreadcrumbList","@id":"https:\/\/www.hypnosemelanie.fr\/index.php\/pour-quoi\/#breadcrumb","itemListElement":[{"@type":"ListItem","position":1,"name":"Accueil","item":"https:\/\/www.hypnosemelanie.fr\/"},{"@type":"ListItem","position":2,"name":"Pour Quoi\u00a0?"}]},{"@type":"WebSite","@id":"https:\/\/www.hypnosemelanie.fr\/#website","url":"https:\/\/www.hypnosemelanie.fr\/","name":"Hypnose et Sophrologie","description":"","potentialAction":[{"@type":"SearchAction","target":{"@type":"EntryPoint","urlTemplate":"https:\/\/www.hypnosemelanie.fr\/?s={search_term_string}"},"query-input":{"@type":"PropertyValueSpecification","valueRequired":true,"valueName":"search_term_string"}}],"inLanguage":"fr-FR"}]}},"_links":{"self":[{"href":"https:\/\/www.hypnosemelanie.fr\/index.php\/wp-json\/wp\/v2\/pages\/1018","targetHints":{"allow":["GET"]}}],"collection":[{"href":"https:\/\/www.hypnosemelanie.fr\/index.php\/wp-json\/wp\/v2\/pages"}],"about":[{"href":"https:\/\/www.hypnosemelanie.fr\/index.php\/wp-json\/wp\/v2\/types\/page"}],"author":[{"embeddable":true,"href":"https:\/\/www.hypnosemelanie.fr\/index.php\/wp-json\/wp\/v2\/users\/1"}],"replies":[{"embeddable":true,"href":"https:\/\/www.hypnosemelanie.fr\/index.php\/wp-json\/wp\/v2\/comments?post=1018"}],"version-history":[{"count":10,"href":"https:\/\/www.hypnosemelanie.fr\/index.php\/wp-json\/wp\/v2\/pages\/1018\/revisions"}],"predecessor-version":[{"id":1300,"href":"https:\/\/www.hypnosemelanie.fr\/index.php\/wp-json\/wp\/v2\/pages\/1018\/revisions\/1300"}],"wp:attachment":[{"href":"https:\/\/www.hypnosemelanie.fr\/index.php\/wp-json\/wp\/v2\/media?parent=1018"}],"curies":[{"name":"wp","href":"https:\/\/api.w.org\/{rel}","templated":true}]}}