{"id":1016,"date":"2024-01-02T19:17:24","date_gmt":"2024-01-02T18:17:24","guid":{"rendered":"https:\/\/hypnosemelanie.fr\/?page_id=1016"},"modified":"2024-05-16T11:34:34","modified_gmt":"2024-05-16T09:34:34","slug":"qui-suis-je","status":"publish","type":"page","link":"https:\/\/www.hypnosemelanie.fr\/index.php\/qui-suis-je\/","title":{"rendered":"Qui suis-je\u00a0?"},"content":{"rendered":"\n<p>Je suis Aide- Soignante et Auxiliaire de Pu\u00e9riculture depuis 21 Ans avec un long parcours&nbsp;professionnel en P\u00e9diatrie et en n\u00e9o-natologie.<\/p>\n\n\n\n<p>En 2019 , j\u2019ai rencontr\u00e9 l\u2019 hypnose Ericksonniene via une formation sur la \"<a href=\"https:\/\/medicformation.fr\/numsequenceintra\/4376\/\">Communication Hypnotique en milieu m\u00e9dical<\/a>\". Cette formation m\u2019a ouvert les yeux sur une fa\u00e7on diff\u00e9rente de prodiguer les Soins, en m\u2019 apportant des outils pour donner une amplitude encore plus humaine au soin. <\/p>\n\n\n\n<p>J\u2019ai pu approfondir mes connaissances th\u00e9oriques lors de mes nombreuses prises en charge n\u00e9cessitant des soins invasifs tels que des prises de sang, des poses de cath\u00e9ter, des pansements de brulure, des crises d\u2019 angoisse... J\u2019ai pu enrichir mes pratiques avec des formations telles que \"la prise en charge de la douleur chez l\u2019enfant\" ainsi que \"<a href=\"https:\/\/www.grieps.fr\/produit\/maltraitance-de-l-enfant-reperer-comprendre-et-agir\/\">la maltraitance de l\u2019enfant&nbsp;: rep\u00e9rer, comprendre et agir<\/a>\".<\/p>\n\n\n<div class=\"wp-block-image\">\n<figure class=\"alignleft size-full is-resized\"><img loading=\"lazy\" decoding=\"async\" width=\"1024\" height=\"1024\" src=\"http:\/\/devmachine\/wp-content\/uploads\/2024\/03\/45db6372-444d-42b2-a04d-0e9b893f5f01.jpg\" alt=\"\" class=\"wp-image-1205\" style=\"width:158px;height:auto\" srcset=\"https:\/\/www.hypnosemelanie.fr\/wp-content\/uploads\/2024\/03\/45db6372-444d-42b2-a04d-0e9b893f5f01.jpg 1024w, https:\/\/www.hypnosemelanie.fr\/wp-content\/uploads\/2024\/03\/45db6372-444d-42b2-a04d-0e9b893f5f01-300x300.jpg 300w, https:\/\/www.hypnosemelanie.fr\/wp-content\/uploads\/2024\/03\/45db6372-444d-42b2-a04d-0e9b893f5f01-150x150.jpg 150w, https:\/\/www.hypnosemelanie.fr\/wp-content\/uploads\/2024\/03\/45db6372-444d-42b2-a04d-0e9b893f5f01-768x768.jpg 768w, https:\/\/www.hypnosemelanie.fr\/wp-content\/uploads\/2024\/03\/45db6372-444d-42b2-a04d-0e9b893f5f01-600x600.jpg 600w\" sizes=\"auto, (max-width: 1024px) 100vw, 1024px\" \/><\/figure>\n<\/div>\n\n\n<p>Par la suite , j\u2019ai voulu aller plus loin dans mes connaissances et je me suis tourn\u00e9e vers l\u2019Hypnose Sajece et suis ainsi devenue \"Praticienne en Hypnose SAJECE\"&nbsp;, dipl\u00f4me d\u00e9livr\u00e9 par <a href=\"https:\/\/www.groupe-sajece.fr\/le-groupe-sajece\/equipe\/\">Camille Griselin<\/a> en 2019.<\/p>\n\n\n\n<p>Ayant \u00e0 c\u0153ur de prendre en charge la personne dans sa globalit\u00e9 ( Corps , Mental et Esprit ) , j\u2019ai souhait\u00e9 compl\u00e9ter ma pratique avec \"Une \u00e9cole de Sophrologie , <a href=\"https:\/\/www.sophrologie-formation.fr\/catherine-aliotta-ecole-sophrologie\">Aliotta<\/a>\"&nbsp;en 2022. Grace \u00e0 ces diff\u00e9rentes m\u00e9thodes et \u00e0 notre relation de respect et de Confiance mutuelle, je pourrai vous apporter davantage de Confort et de Bienveillance lors de votre prise en Charge .<\/p>\n\n\n\n<p>Aujourd'hui, je propose mes services au sein d'une <a href=\"https:\/\/www.hypnosemelanie.fr\/index.php\/infos-pratiques\/\">maison de soin<\/a>, entour\u00e9e de personnel m\u00e9dical, et j'oriente ma pratique vers <a href=\"https:\/\/www.hypnosemelanie.fr\/index.php\/les-seances-avec-les-enfants\/\">l'accompagnement des enfants<\/a>.<\/p>\n","protected":false},"excerpt":{"rendered":"<p>Je suis Aide- Soignante et Auxiliaire de Pu\u00e9riculture depuis 21 Ans avec un long parcours&nbsp;professionnel en P\u00e9diatrie et en n\u00e9o-natologie. En 2019 , j\u2019ai rencontr\u00e9 l\u2019 hypnose Ericksonniene via une formation sur la \u00ab\u00a0Communication Hypnotique en milieu m\u00e9dical\u00a0\u00bb. Cette formation m\u2019a ouvert les yeux sur une fa\u00e7on diff\u00e9rente de prodiguer les Soins, en m\u2019 apportant [&hellip;]<\/p>\n","protected":false},"author":1,"featured_media":0,"parent":0,"menu_order":0,"comment_status":"closed","ping_status":"closed","template":"","meta":{"ocean_post_layout":"","ocean_both_sidebars_style":"","ocean_both_sidebars_content_width":0,"ocean_both_sidebars_sidebars_width":0,"ocean_sidebar":"","ocean_second_sidebar":"","ocean_disable_margins":"enable","ocean_add_body_class":"","ocean_shortcode_before_top_bar":"","ocean_shortcode_after_top_bar":"","ocean_shortcode_before_header":"","ocean_shortcode_after_header":"","ocean_has_shortcode":"","ocean_shortcode_after_title":"","ocean_shortcode_before_footer_widgets":"","ocean_shortcode_after_footer_widgets":"","ocean_shortcode_before_footer_bottom":"","ocean_shortcode_after_footer_bottom":"","ocean_display_top_bar":"default","ocean_display_header":"default","ocean_header_style":"","ocean_center_header_left_menu":"","ocean_custom_header_template":"","ocean_custom_logo":0,"ocean_custom_retina_logo":0,"ocean_custom_logo_max_width":0,"ocean_custom_logo_tablet_max_width":0,"ocean_custom_logo_mobile_max_width":0,"ocean_custom_logo_max_height":0,"ocean_custom_logo_tablet_max_height":0,"ocean_custom_logo_mobile_max_height":0,"ocean_header_custom_menu":"","ocean_menu_typo_font_family":"","ocean_menu_typo_font_subset":"","ocean_menu_typo_font_size":0,"ocean_menu_typo_font_size_tablet":0,"ocean_menu_typo_font_size_mobile":0,"ocean_menu_typo_font_size_unit":"px","ocean_menu_typo_font_weight":"","ocean_menu_typo_font_weight_tablet":"","ocean_menu_typo_font_weight_mobile":"","ocean_menu_typo_transform":"","ocean_menu_typo_transform_tablet":"","ocean_menu_typo_transform_mobile":"","ocean_menu_typo_line_height":0,"ocean_menu_typo_line_height_tablet":0,"ocean_menu_typo_line_height_mobile":0,"ocean_menu_typo_line_height_unit":"","ocean_menu_typo_spacing":0,"ocean_menu_typo_spacing_tablet":0,"ocean_menu_typo_spacing_mobile":0,"ocean_menu_typo_spacing_unit":"","ocean_menu_link_color":"","ocean_menu_link_color_hover":"","ocean_menu_link_color_active":"","ocean_menu_link_background":"","ocean_menu_link_hover_background":"","ocean_menu_link_active_background":"","ocean_menu_social_links_bg":"","ocean_menu_social_hover_links_bg":"","ocean_menu_social_links_color":"","ocean_menu_social_hover_links_color":"","ocean_disable_title":"default","ocean_disable_heading":"default","ocean_post_title":"","ocean_post_subheading":"","ocean_post_title_style":"","ocean_post_title_background_color":"","ocean_post_title_background":0,"ocean_post_title_bg_image_position":"","ocean_post_title_bg_image_attachment":"","ocean_post_title_bg_image_repeat":"","ocean_post_title_bg_image_size":"","ocean_post_title_height":0,"ocean_post_title_bg_overlay":0.5,"ocean_post_title_bg_overlay_color":"","ocean_disable_breadcrumbs":"default","ocean_breadcrumbs_color":"","ocean_breadcrumbs_separator_color":"","ocean_breadcrumbs_links_color":"","ocean_breadcrumbs_links_hover_color":"","ocean_display_footer_widgets":"default","ocean_display_footer_bottom":"default","ocean_custom_footer_template":"","_glsr_average":0,"_glsr_ranking":0,"_glsr_reviews":0,"footnotes":""},"class_list":["post-1016","page","type-page","status-publish","hentry","entry"],"yoast_head":"<!-- This site is optimized with the Yoast SEO plugin v27.6 - https:\/\/yoast.com\/product\/yoast-seo-wordpress\/ -->\n<title>Qui suis-je\u00a0? - Hypnose et Sophrologie<\/title>\n<meta name=\"robots\" content=\"index, follow, max-snippet:-1, max-image-preview:large, max-video-preview:-1\" \/>\n<link rel=\"canonical\" href=\"https:\/\/www.hypnosemelanie.fr\/index.php\/qui-suis-je\/\" \/>\n<meta property=\"og:locale\" content=\"fr_FR\" \/>\n<meta property=\"og:type\" content=\"article\" \/>\n<meta property=\"og:title\" content=\"Qui suis-je\u00a0? - Hypnose et Sophrologie\" \/>\n<meta property=\"og:description\" content=\"Je suis Aide- Soignante et Auxiliaire de Pu\u00e9riculture depuis 21 Ans avec un long parcours&nbsp;professionnel en P\u00e9diatrie et en n\u00e9o-natologie. En 2019 , j\u2019ai rencontr\u00e9 l\u2019 hypnose Ericksonniene via une formation sur la &quot;Communication Hypnotique en milieu m\u00e9dical&quot;. Cette formation m\u2019a ouvert les yeux sur une fa\u00e7on diff\u00e9rente de prodiguer les Soins, en m\u2019 apportant [&hellip;]\" \/>\n<meta property=\"og:url\" content=\"https:\/\/www.hypnosemelanie.fr\/index.php\/qui-suis-je\/\" \/>\n<meta property=\"og:site_name\" content=\"Hypnose et Sophrologie\" \/>\n<meta property=\"article:modified_time\" content=\"2024-05-16T09:34:34+00:00\" \/>\n<meta property=\"og:image\" content=\"http:\/\/devmachine\/wp-content\/uploads\/2024\/03\/45db6372-444d-42b2-a04d-0e9b893f5f01.jpg\" \/>\n<meta name=\"twitter:card\" content=\"summary_large_image\" \/>\n<meta name=\"twitter:label1\" content=\"Dur\u00e9e de lecture estim\u00e9e\" \/>\n\t<meta name=\"twitter:data1\" content=\"2 minutes\" \/>\n<script type=\"application\/ld+json\" class=\"yoast-schema-graph\">{\"@context\":\"https:\\\/\\\/schema.org\",\"@graph\":[{\"@type\":\"WebPage\",\"@id\":\"https:\\\/\\\/www.hypnosemelanie.fr\\\/index.php\\\/qui-suis-je\\\/\",\"url\":\"https:\\\/\\\/www.hypnosemelanie.fr\\\/index.php\\\/qui-suis-je\\\/\",\"name\":\"Qui suis-je\u00a0? - Hypnose et Sophrologie\",\"isPartOf\":{\"@id\":\"https:\\\/\\\/www.hypnosemelanie.fr\\\/#website\"},\"primaryImageOfPage\":{\"@id\":\"https:\\\/\\\/www.hypnosemelanie.fr\\\/index.php\\\/qui-suis-je\\\/#primaryimage\"},\"image\":{\"@id\":\"https:\\\/\\\/www.hypnosemelanie.fr\\\/index.php\\\/qui-suis-je\\\/#primaryimage\"},\"thumbnailUrl\":\"http:\\\/\\\/devmachine\\\/wp-content\\\/uploads\\\/2024\\\/03\\\/45db6372-444d-42b2-a04d-0e9b893f5f01.jpg\",\"datePublished\":\"2024-01-02T18:17:24+00:00\",\"dateModified\":\"2024-05-16T09:34:34+00:00\",\"breadcrumb\":{\"@id\":\"https:\\\/\\\/www.hypnosemelanie.fr\\\/index.php\\\/qui-suis-je\\\/#breadcrumb\"},\"inLanguage\":\"fr-FR\",\"potentialAction\":[{\"@type\":\"ReadAction\",\"target\":[\"https:\\\/\\\/www.hypnosemelanie.fr\\\/index.php\\\/qui-suis-je\\\/\"]}]},{\"@type\":\"ImageObject\",\"inLanguage\":\"fr-FR\",\"@id\":\"https:\\\/\\\/www.hypnosemelanie.fr\\\/index.php\\\/qui-suis-je\\\/#primaryimage\",\"url\":\"http:\\\/\\\/devmachine\\\/wp-content\\\/uploads\\\/2024\\\/03\\\/45db6372-444d-42b2-a04d-0e9b893f5f01.jpg\",\"contentUrl\":\"http:\\\/\\\/devmachine\\\/wp-content\\\/uploads\\\/2024\\\/03\\\/45db6372-444d-42b2-a04d-0e9b893f5f01.jpg\"},{\"@type\":\"BreadcrumbList\",\"@id\":\"https:\\\/\\\/www.hypnosemelanie.fr\\\/index.php\\\/qui-suis-je\\\/#breadcrumb\",\"itemListElement\":[{\"@type\":\"ListItem\",\"position\":1,\"name\":\"Accueil\",\"item\":\"https:\\\/\\\/www.hypnosemelanie.fr\\\/\"},{\"@type\":\"ListItem\",\"position\":2,\"name\":\"Qui suis-je\u00a0?\"}]},{\"@type\":\"WebSite\",\"@id\":\"https:\\\/\\\/www.hypnosemelanie.fr\\\/#website\",\"url\":\"https:\\\/\\\/www.hypnosemelanie.fr\\\/\",\"name\":\"Hypnose et Sophrologie\",\"description\":\"\",\"potentialAction\":[{\"@type\":\"SearchAction\",\"target\":{\"@type\":\"EntryPoint\",\"urlTemplate\":\"https:\\\/\\\/www.hypnosemelanie.fr\\\/?s={search_term_string}\"},\"query-input\":{\"@type\":\"PropertyValueSpecification\",\"valueRequired\":true,\"valueName\":\"search_term_string\"}}],\"inLanguage\":\"fr-FR\"}]}<\/script>\n<!-- \/ Yoast SEO plugin. -->","yoast_head_json":{"title":"Qui suis-je\u00a0? - Hypnose et Sophrologie","robots":{"index":"index","follow":"follow","max-snippet":"max-snippet:-1","max-image-preview":"max-image-preview:large","max-video-preview":"max-video-preview:-1"},"canonical":"https:\/\/www.hypnosemelanie.fr\/index.php\/qui-suis-je\/","og_locale":"fr_FR","og_type":"article","og_title":"Qui suis-je\u00a0? - Hypnose et Sophrologie","og_description":"Je suis Aide- Soignante et Auxiliaire de Pu\u00e9riculture depuis 21 Ans avec un long parcours&nbsp;professionnel en P\u00e9diatrie et en n\u00e9o-natologie. En 2019 , j\u2019ai rencontr\u00e9 l\u2019 hypnose Ericksonniene via une formation sur la \"Communication Hypnotique en milieu m\u00e9dical\". Cette formation m\u2019a ouvert les yeux sur une fa\u00e7on diff\u00e9rente de prodiguer les Soins, en m\u2019 apportant [&hellip;]","og_url":"https:\/\/www.hypnosemelanie.fr\/index.php\/qui-suis-je\/","og_site_name":"Hypnose et Sophrologie","article_modified_time":"2024-05-16T09:34:34+00:00","og_image":[{"url":"http:\/\/devmachine\/wp-content\/uploads\/2024\/03\/45db6372-444d-42b2-a04d-0e9b893f5f01.jpg","type":"","width":"","height":""}],"twitter_card":"summary_large_image","twitter_misc":{"Dur\u00e9e de lecture estim\u00e9e":"2 minutes"},"schema":{"@context":"https:\/\/schema.org","@graph":[{"@type":"WebPage","@id":"https:\/\/www.hypnosemelanie.fr\/index.php\/qui-suis-je\/","url":"https:\/\/www.hypnosemelanie.fr\/index.php\/qui-suis-je\/","name":"Qui suis-je\u00a0? - Hypnose et Sophrologie","isPartOf":{"@id":"https:\/\/www.hypnosemelanie.fr\/#website"},"primaryImageOfPage":{"@id":"https:\/\/www.hypnosemelanie.fr\/index.php\/qui-suis-je\/#primaryimage"},"image":{"@id":"https:\/\/www.hypnosemelanie.fr\/index.php\/qui-suis-je\/#primaryimage"},"thumbnailUrl":"http:\/\/devmachine\/wp-content\/uploads\/2024\/03\/45db6372-444d-42b2-a04d-0e9b893f5f01.jpg","datePublished":"2024-01-02T18:17:24+00:00","dateModified":"2024-05-16T09:34:34+00:00","breadcrumb":{"@id":"https:\/\/www.hypnosemelanie.fr\/index.php\/qui-suis-je\/#breadcrumb"},"inLanguage":"fr-FR","potentialAction":[{"@type":"ReadAction","target":["https:\/\/www.hypnosemelanie.fr\/index.php\/qui-suis-je\/"]}]},{"@type":"ImageObject","inLanguage":"fr-FR","@id":"https:\/\/www.hypnosemelanie.fr\/index.php\/qui-suis-je\/#primaryimage","url":"http:\/\/devmachine\/wp-content\/uploads\/2024\/03\/45db6372-444d-42b2-a04d-0e9b893f5f01.jpg","contentUrl":"http:\/\/devmachine\/wp-content\/uploads\/2024\/03\/45db6372-444d-42b2-a04d-0e9b893f5f01.jpg"},{"@type":"BreadcrumbList","@id":"https:\/\/www.hypnosemelanie.fr\/index.php\/qui-suis-je\/#breadcrumb","itemListElement":[{"@type":"ListItem","position":1,"name":"Accueil","item":"https:\/\/www.hypnosemelanie.fr\/"},{"@type":"ListItem","position":2,"name":"Qui suis-je\u00a0?"}]},{"@type":"WebSite","@id":"https:\/\/www.hypnosemelanie.fr\/#website","url":"https:\/\/www.hypnosemelanie.fr\/","name":"Hypnose et Sophrologie","description":"","potentialAction":[{"@type":"SearchAction","target":{"@type":"EntryPoint","urlTemplate":"https:\/\/www.hypnosemelanie.fr\/?s={search_term_string}"},"query-input":{"@type":"PropertyValueSpecification","valueRequired":true,"valueName":"search_term_string"}}],"inLanguage":"fr-FR"}]}},"_links":{"self":[{"href":"https:\/\/www.hypnosemelanie.fr\/index.php\/wp-json\/wp\/v2\/pages\/1016","targetHints":{"allow":["GET"]}}],"collection":[{"href":"https:\/\/www.hypnosemelanie.fr\/index.php\/wp-json\/wp\/v2\/pages"}],"about":[{"href":"https:\/\/www.hypnosemelanie.fr\/index.php\/wp-json\/wp\/v2\/types\/page"}],"author":[{"embeddable":true,"href":"https:\/\/www.hypnosemelanie.fr\/index.php\/wp-json\/wp\/v2\/users\/1"}],"replies":[{"embeddable":true,"href":"https:\/\/www.hypnosemelanie.fr\/index.php\/wp-json\/wp\/v2\/comments?post=1016"}],"version-history":[{"count":9,"href":"https:\/\/www.hypnosemelanie.fr\/index.php\/wp-json\/wp\/v2\/pages\/1016\/revisions"}],"predecessor-version":[{"id":1299,"href":"https:\/\/www.hypnosemelanie.fr\/index.php\/wp-json\/wp\/v2\/pages\/1016\/revisions\/1299"}],"wp:attachment":[{"href":"https:\/\/www.hypnosemelanie.fr\/index.php\/wp-json\/wp\/v2\/media?parent=1016"}],"curies":[{"name":"wp","href":"https:\/\/api.w.org\/{rel}","templated":true}]}}