{"id":1006,"date":"2023-12-21T22:14:49","date_gmt":"2023-12-21T21:14:49","guid":{"rendered":"https:\/\/hypnosemelanie.fr\/?page_id=1006"},"modified":"2024-03-30T17:21:38","modified_gmt":"2024-03-30T16:21:38","slug":"deroulement-de-la-seance","status":"publish","type":"page","link":"https:\/\/www.hypnosemelanie.fr\/index.php\/deroulement-de-la-seance\/","title":{"rendered":"D\u00e9roulement de la s\u00e9ance"},"content":{"rendered":"\n<p>Lors de notre 1er rendez-vous, une Anamn\u00e8se aura lieu afin d'\u00e9tablir ensemble la raison de votre venue ainsi que le protocole \u00e0 venir.<\/p>\n\n\n\n<p>Durant cet entretien, je vais vous expliquer les sensations physiques et \u00e9motionnelles qui pourront \u00eatre ressenties au cours de la s\u00e9ance ainsi que les jours suivants. A cette \u00e9tape, l'important est d'accueillir les \u00e9motions.<\/p>\n\n\n<div class=\"wp-block-image\">\n<figure class=\"aligncenter size-full is-resized\"><img loading=\"lazy\" decoding=\"async\" width=\"1024\" height=\"1024\" src=\"http:\/\/devmachine\/wp-content\/uploads\/2024\/03\/bf4b9a6a-313f-4f93-b5ae-e922f4565712.jpg\" alt=\"\" class=\"wp-image-1207\" style=\"width:214px;height:auto\" srcset=\"https:\/\/www.hypnosemelanie.fr\/wp-content\/uploads\/2024\/03\/bf4b9a6a-313f-4f93-b5ae-e922f4565712.jpg 1024w, https:\/\/www.hypnosemelanie.fr\/wp-content\/uploads\/2024\/03\/bf4b9a6a-313f-4f93-b5ae-e922f4565712-300x300.jpg 300w, https:\/\/www.hypnosemelanie.fr\/wp-content\/uploads\/2024\/03\/bf4b9a6a-313f-4f93-b5ae-e922f4565712-150x150.jpg 150w, https:\/\/www.hypnosemelanie.fr\/wp-content\/uploads\/2024\/03\/bf4b9a6a-313f-4f93-b5ae-e922f4565712-768x768.jpg 768w, https:\/\/www.hypnosemelanie.fr\/wp-content\/uploads\/2024\/03\/bf4b9a6a-313f-4f93-b5ae-e922f4565712-600x600.jpg 600w\" sizes=\"auto, (max-width: 1024px) 100vw, 1024px\" \/><\/figure>\n<\/div>\n\n\n<p>Lors de notre 2\u00e8me rendez-vous, nous proc\u00e9dons \u00e0 la s\u00e9ance qui dure environ 1 heure. Vous aurez les yeux ferm\u00e9s, en \u00e9tat de conscience modifi\u00e9e. Vous ne dormez pas et entendez tout ce que je vous dis, vous gardez le contr\u00f4le. Vous avez un pied dans la r\u00e9alit\u00e9 et l'autre dans l'imaginaire au travers des Histoires que je vais vous raconter. Mes histoires ont des messages cach\u00e9s adress\u00e9s \u00e0 votre inconscient qui effectuera tous les changements necessaires et b\u00e9n\u00e9fiques pour Vous. Apr\u00e8s la s\u00e9ance, le travail se poursuit au cours des nuits et des jours suivants et jusqu'\u00e0 3 semaines, l'inconscient r\u00e9alise les changements surtout la nuit.<\/p>\n\n\n\n<p>Puis, nous nous reverrons 3 \u00e0 5 semaines \u00e0 intervalle de notre 1\u00e8re s\u00e9ance. L'hypnose associ\u00e9e \u00e0 la Sophrologie va agir comme un Levier dans votre Vie.<\/p>\n","protected":false},"excerpt":{"rendered":"<p>Lors de notre 1er rendez-vous, une Anamn\u00e8se aura lieu afin d&rsquo;\u00e9tablir ensemble la raison de votre venue ainsi que le protocole \u00e0 venir. Durant cet entretien, je vais vous expliquer les sensations physiques et \u00e9motionnelles qui pourront \u00eatre ressenties au cours de la s\u00e9ance ainsi que les jours suivants. A cette \u00e9tape, l&rsquo;important est d&rsquo;accueillir [&hellip;]<\/p>\n","protected":false},"author":1,"featured_media":0,"parent":0,"menu_order":0,"comment_status":"closed","ping_status":"closed","template":"","meta":{"ocean_post_layout":"","ocean_both_sidebars_style":"","ocean_both_sidebars_content_width":0,"ocean_both_sidebars_sidebars_width":0,"ocean_sidebar":"","ocean_second_sidebar":"","ocean_disable_margins":"enable","ocean_add_body_class":"","ocean_shortcode_before_top_bar":"","ocean_shortcode_after_top_bar":"","ocean_shortcode_before_header":"","ocean_shortcode_after_header":"","ocean_has_shortcode":"","ocean_shortcode_after_title":"","ocean_shortcode_before_footer_widgets":"","ocean_shortcode_after_footer_widgets":"","ocean_shortcode_before_footer_bottom":"","ocean_shortcode_after_footer_bottom":"","ocean_display_top_bar":"default","ocean_display_header":"default","ocean_header_style":"","ocean_center_header_left_menu":"","ocean_custom_header_template":"","ocean_custom_logo":0,"ocean_custom_retina_logo":0,"ocean_custom_logo_max_width":0,"ocean_custom_logo_tablet_max_width":0,"ocean_custom_logo_mobile_max_width":0,"ocean_custom_logo_max_height":0,"ocean_custom_logo_tablet_max_height":0,"ocean_custom_logo_mobile_max_height":0,"ocean_header_custom_menu":"","ocean_menu_typo_font_family":"","ocean_menu_typo_font_subset":"","ocean_menu_typo_font_size":0,"ocean_menu_typo_font_size_tablet":0,"ocean_menu_typo_font_size_mobile":0,"ocean_menu_typo_font_size_unit":"px","ocean_menu_typo_font_weight":"","ocean_menu_typo_font_weight_tablet":"","ocean_menu_typo_font_weight_mobile":"","ocean_menu_typo_transform":"","ocean_menu_typo_transform_tablet":"","ocean_menu_typo_transform_mobile":"","ocean_menu_typo_line_height":0,"ocean_menu_typo_line_height_tablet":0,"ocean_menu_typo_line_height_mobile":0,"ocean_menu_typo_line_height_unit":"","ocean_menu_typo_spacing":0,"ocean_menu_typo_spacing_tablet":0,"ocean_menu_typo_spacing_mobile":0,"ocean_menu_typo_spacing_unit":"","ocean_menu_link_color":"","ocean_menu_link_color_hover":"","ocean_menu_link_color_active":"","ocean_menu_link_background":"","ocean_menu_link_hover_background":"","ocean_menu_link_active_background":"","ocean_menu_social_links_bg":"","ocean_menu_social_hover_links_bg":"","ocean_menu_social_links_color":"","ocean_menu_social_hover_links_color":"","ocean_disable_title":"default","ocean_disable_heading":"default","ocean_post_title":"","ocean_post_subheading":"","ocean_post_title_style":"","ocean_post_title_background_color":"","ocean_post_title_background":0,"ocean_post_title_bg_image_position":"","ocean_post_title_bg_image_attachment":"","ocean_post_title_bg_image_repeat":"","ocean_post_title_bg_image_size":"","ocean_post_title_height":0,"ocean_post_title_bg_overlay":0.5,"ocean_post_title_bg_overlay_color":"","ocean_disable_breadcrumbs":"default","ocean_breadcrumbs_color":"","ocean_breadcrumbs_separator_color":"","ocean_breadcrumbs_links_color":"","ocean_breadcrumbs_links_hover_color":"","ocean_display_footer_widgets":"default","ocean_display_footer_bottom":"default","ocean_custom_footer_template":"","_glsr_average":0,"_glsr_ranking":0,"_glsr_reviews":0,"footnotes":""},"class_list":["post-1006","page","type-page","status-publish","hentry","entry"],"yoast_head":"<!-- This site is optimized with the Yoast SEO plugin v27.6 - https:\/\/yoast.com\/product\/yoast-seo-wordpress\/ -->\n<title>D\u00e9roulement de la s\u00e9ance - Hypnose et Sophrologie<\/title>\n<meta name=\"robots\" content=\"index, follow, max-snippet:-1, max-image-preview:large, max-video-preview:-1\" \/>\n<link rel=\"canonical\" href=\"https:\/\/www.hypnosemelanie.fr\/index.php\/deroulement-de-la-seance\/\" \/>\n<meta property=\"og:locale\" content=\"fr_FR\" \/>\n<meta property=\"og:type\" content=\"article\" \/>\n<meta property=\"og:title\" content=\"D\u00e9roulement de la s\u00e9ance - Hypnose et Sophrologie\" \/>\n<meta property=\"og:description\" content=\"Lors de notre 1er rendez-vous, une Anamn\u00e8se aura lieu afin d&#039;\u00e9tablir ensemble la raison de votre venue ainsi que le protocole \u00e0 venir. Durant cet entretien, je vais vous expliquer les sensations physiques et \u00e9motionnelles qui pourront \u00eatre ressenties au cours de la s\u00e9ance ainsi que les jours suivants. A cette \u00e9tape, l&#039;important est d&#039;accueillir [&hellip;]\" \/>\n<meta property=\"og:url\" content=\"https:\/\/www.hypnosemelanie.fr\/index.php\/deroulement-de-la-seance\/\" \/>\n<meta property=\"og:site_name\" content=\"Hypnose et Sophrologie\" \/>\n<meta property=\"article:modified_time\" content=\"2024-03-30T16:21:38+00:00\" \/>\n<meta property=\"og:image\" content=\"http:\/\/devmachine\/wp-content\/uploads\/2024\/03\/bf4b9a6a-313f-4f93-b5ae-e922f4565712.jpg\" \/>\n<meta name=\"twitter:card\" content=\"summary_large_image\" \/>\n<meta name=\"twitter:label1\" content=\"Dur\u00e9e de lecture estim\u00e9e\" \/>\n\t<meta name=\"twitter:data1\" content=\"2 minutes\" \/>\n<script type=\"application\/ld+json\" class=\"yoast-schema-graph\">{\"@context\":\"https:\\\/\\\/schema.org\",\"@graph\":[{\"@type\":\"WebPage\",\"@id\":\"https:\\\/\\\/www.hypnosemelanie.fr\\\/index.php\\\/deroulement-de-la-seance\\\/\",\"url\":\"https:\\\/\\\/www.hypnosemelanie.fr\\\/index.php\\\/deroulement-de-la-seance\\\/\",\"name\":\"D\u00e9roulement de la s\u00e9ance - Hypnose et Sophrologie\",\"isPartOf\":{\"@id\":\"https:\\\/\\\/www.hypnosemelanie.fr\\\/#website\"},\"primaryImageOfPage\":{\"@id\":\"https:\\\/\\\/www.hypnosemelanie.fr\\\/index.php\\\/deroulement-de-la-seance\\\/#primaryimage\"},\"image\":{\"@id\":\"https:\\\/\\\/www.hypnosemelanie.fr\\\/index.php\\\/deroulement-de-la-seance\\\/#primaryimage\"},\"thumbnailUrl\":\"http:\\\/\\\/devmachine\\\/wp-content\\\/uploads\\\/2024\\\/03\\\/bf4b9a6a-313f-4f93-b5ae-e922f4565712.jpg\",\"datePublished\":\"2023-12-21T21:14:49+00:00\",\"dateModified\":\"2024-03-30T16:21:38+00:00\",\"breadcrumb\":{\"@id\":\"https:\\\/\\\/www.hypnosemelanie.fr\\\/index.php\\\/deroulement-de-la-seance\\\/#breadcrumb\"},\"inLanguage\":\"fr-FR\",\"potentialAction\":[{\"@type\":\"ReadAction\",\"target\":[\"https:\\\/\\\/www.hypnosemelanie.fr\\\/index.php\\\/deroulement-de-la-seance\\\/\"]}]},{\"@type\":\"ImageObject\",\"inLanguage\":\"fr-FR\",\"@id\":\"https:\\\/\\\/www.hypnosemelanie.fr\\\/index.php\\\/deroulement-de-la-seance\\\/#primaryimage\",\"url\":\"http:\\\/\\\/devmachine\\\/wp-content\\\/uploads\\\/2024\\\/03\\\/bf4b9a6a-313f-4f93-b5ae-e922f4565712.jpg\",\"contentUrl\":\"http:\\\/\\\/devmachine\\\/wp-content\\\/uploads\\\/2024\\\/03\\\/bf4b9a6a-313f-4f93-b5ae-e922f4565712.jpg\"},{\"@type\":\"BreadcrumbList\",\"@id\":\"https:\\\/\\\/www.hypnosemelanie.fr\\\/index.php\\\/deroulement-de-la-seance\\\/#breadcrumb\",\"itemListElement\":[{\"@type\":\"ListItem\",\"position\":1,\"name\":\"Accueil\",\"item\":\"https:\\\/\\\/www.hypnosemelanie.fr\\\/\"},{\"@type\":\"ListItem\",\"position\":2,\"name\":\"D\u00e9roulement de la s\u00e9ance\"}]},{\"@type\":\"WebSite\",\"@id\":\"https:\\\/\\\/www.hypnosemelanie.fr\\\/#website\",\"url\":\"https:\\\/\\\/www.hypnosemelanie.fr\\\/\",\"name\":\"Hypnose et Sophrologie\",\"description\":\"\",\"potentialAction\":[{\"@type\":\"SearchAction\",\"target\":{\"@type\":\"EntryPoint\",\"urlTemplate\":\"https:\\\/\\\/www.hypnosemelanie.fr\\\/?s={search_term_string}\"},\"query-input\":{\"@type\":\"PropertyValueSpecification\",\"valueRequired\":true,\"valueName\":\"search_term_string\"}}],\"inLanguage\":\"fr-FR\"}]}<\/script>\n<!-- \/ Yoast SEO plugin. -->","yoast_head_json":{"title":"D\u00e9roulement de la s\u00e9ance - Hypnose et Sophrologie","robots":{"index":"index","follow":"follow","max-snippet":"max-snippet:-1","max-image-preview":"max-image-preview:large","max-video-preview":"max-video-preview:-1"},"canonical":"https:\/\/www.hypnosemelanie.fr\/index.php\/deroulement-de-la-seance\/","og_locale":"fr_FR","og_type":"article","og_title":"D\u00e9roulement de la s\u00e9ance - Hypnose et Sophrologie","og_description":"Lors de notre 1er rendez-vous, une Anamn\u00e8se aura lieu afin d'\u00e9tablir ensemble la raison de votre venue ainsi que le protocole \u00e0 venir. Durant cet entretien, je vais vous expliquer les sensations physiques et \u00e9motionnelles qui pourront \u00eatre ressenties au cours de la s\u00e9ance ainsi que les jours suivants. A cette \u00e9tape, l'important est d'accueillir [&hellip;]","og_url":"https:\/\/www.hypnosemelanie.fr\/index.php\/deroulement-de-la-seance\/","og_site_name":"Hypnose et Sophrologie","article_modified_time":"2024-03-30T16:21:38+00:00","og_image":[{"url":"http:\/\/devmachine\/wp-content\/uploads\/2024\/03\/bf4b9a6a-313f-4f93-b5ae-e922f4565712.jpg","type":"","width":"","height":""}],"twitter_card":"summary_large_image","twitter_misc":{"Dur\u00e9e de lecture estim\u00e9e":"2 minutes"},"schema":{"@context":"https:\/\/schema.org","@graph":[{"@type":"WebPage","@id":"https:\/\/www.hypnosemelanie.fr\/index.php\/deroulement-de-la-seance\/","url":"https:\/\/www.hypnosemelanie.fr\/index.php\/deroulement-de-la-seance\/","name":"D\u00e9roulement de la s\u00e9ance - Hypnose et Sophrologie","isPartOf":{"@id":"https:\/\/www.hypnosemelanie.fr\/#website"},"primaryImageOfPage":{"@id":"https:\/\/www.hypnosemelanie.fr\/index.php\/deroulement-de-la-seance\/#primaryimage"},"image":{"@id":"https:\/\/www.hypnosemelanie.fr\/index.php\/deroulement-de-la-seance\/#primaryimage"},"thumbnailUrl":"http:\/\/devmachine\/wp-content\/uploads\/2024\/03\/bf4b9a6a-313f-4f93-b5ae-e922f4565712.jpg","datePublished":"2023-12-21T21:14:49+00:00","dateModified":"2024-03-30T16:21:38+00:00","breadcrumb":{"@id":"https:\/\/www.hypnosemelanie.fr\/index.php\/deroulement-de-la-seance\/#breadcrumb"},"inLanguage":"fr-FR","potentialAction":[{"@type":"ReadAction","target":["https:\/\/www.hypnosemelanie.fr\/index.php\/deroulement-de-la-seance\/"]}]},{"@type":"ImageObject","inLanguage":"fr-FR","@id":"https:\/\/www.hypnosemelanie.fr\/index.php\/deroulement-de-la-seance\/#primaryimage","url":"http:\/\/devmachine\/wp-content\/uploads\/2024\/03\/bf4b9a6a-313f-4f93-b5ae-e922f4565712.jpg","contentUrl":"http:\/\/devmachine\/wp-content\/uploads\/2024\/03\/bf4b9a6a-313f-4f93-b5ae-e922f4565712.jpg"},{"@type":"BreadcrumbList","@id":"https:\/\/www.hypnosemelanie.fr\/index.php\/deroulement-de-la-seance\/#breadcrumb","itemListElement":[{"@type":"ListItem","position":1,"name":"Accueil","item":"https:\/\/www.hypnosemelanie.fr\/"},{"@type":"ListItem","position":2,"name":"D\u00e9roulement de la s\u00e9ance"}]},{"@type":"WebSite","@id":"https:\/\/www.hypnosemelanie.fr\/#website","url":"https:\/\/www.hypnosemelanie.fr\/","name":"Hypnose et Sophrologie","description":"","potentialAction":[{"@type":"SearchAction","target":{"@type":"EntryPoint","urlTemplate":"https:\/\/www.hypnosemelanie.fr\/?s={search_term_string}"},"query-input":{"@type":"PropertyValueSpecification","valueRequired":true,"valueName":"search_term_string"}}],"inLanguage":"fr-FR"}]}},"_links":{"self":[{"href":"https:\/\/www.hypnosemelanie.fr\/index.php\/wp-json\/wp\/v2\/pages\/1006","targetHints":{"allow":["GET"]}}],"collection":[{"href":"https:\/\/www.hypnosemelanie.fr\/index.php\/wp-json\/wp\/v2\/pages"}],"about":[{"href":"https:\/\/www.hypnosemelanie.fr\/index.php\/wp-json\/wp\/v2\/types\/page"}],"author":[{"embeddable":true,"href":"https:\/\/www.hypnosemelanie.fr\/index.php\/wp-json\/wp\/v2\/users\/1"}],"replies":[{"embeddable":true,"href":"https:\/\/www.hypnosemelanie.fr\/index.php\/wp-json\/wp\/v2\/comments?post=1006"}],"version-history":[{"count":4,"href":"https:\/\/www.hypnosemelanie.fr\/index.php\/wp-json\/wp\/v2\/pages\/1006\/revisions"}],"predecessor-version":[{"id":1209,"href":"https:\/\/www.hypnosemelanie.fr\/index.php\/wp-json\/wp\/v2\/pages\/1006\/revisions\/1209"}],"wp:attachment":[{"href":"https:\/\/www.hypnosemelanie.fr\/index.php\/wp-json\/wp\/v2\/media?parent=1006"}],"curies":[{"name":"wp","href":"https:\/\/api.w.org\/{rel}","templated":true}]}}