{"id":1004,"date":"2023-12-21T22:09:45","date_gmt":"2023-12-21T21:09:45","guid":{"rendered":"https:\/\/hypnosemelanie.fr\/?page_id=1004"},"modified":"2024-05-16T11:33:04","modified_gmt":"2024-05-16T09:33:04","slug":"accueil","status":"publish","type":"page","link":"https:\/\/www.hypnosemelanie.fr\/","title":{"rendered":"Accueil"},"content":{"rendered":"\n<p>Bienvenue sur la page de M\u00e9lanie Estournel, praticienne en hypnose et sophrologue, \u00e0 destination des enfants et des adultes.<\/p>\n\n\n<div class=\"wp-block-image\">\n<figure class=\"aligncenter size-large is-resized\"><img loading=\"lazy\" decoding=\"async\" width=\"976\" height=\"1024\" src=\"http:\/\/devmachine\/wp-content\/uploads\/2024\/01\/arbre_brown-976x1024.png\" alt=\"\" class=\"wp-image-1069\" style=\"width:197px;height:auto\" srcset=\"https:\/\/www.hypnosemelanie.fr\/wp-content\/uploads\/2024\/01\/arbre_brown-976x1024.png 976w, https:\/\/www.hypnosemelanie.fr\/wp-content\/uploads\/2024\/01\/arbre_brown-286x300.png 286w, https:\/\/www.hypnosemelanie.fr\/wp-content\/uploads\/2024\/01\/arbre_brown-768x805.png 768w, https:\/\/www.hypnosemelanie.fr\/wp-content\/uploads\/2024\/01\/arbre_brown-1465x1536.png 1465w, https:\/\/www.hypnosemelanie.fr\/wp-content\/uploads\/2024\/01\/arbre_brown.png 1579w\" sizes=\"auto, (max-width: 976px) 100vw, 976px\" \/><\/figure>\n<\/div>\n\n\n<h2 class=\"wp-block-heading\">Qu'est ce que l'hypnose Ericksonienne?&nbsp;<\/h2>\n\n\n\n<blockquote class=\"wp-block-quote is-layout-flow wp-block-quote-is-layout-flow\">\n<p>L\u2019 Hypnose , c\u2019est une relation pleine de Vie qui a lieu dans une personne et qui est suscit\u00e9e par la chaleur d\u2019une autre personne<\/p>\n<cite>Milton Erickson<\/cite><\/blockquote>\n\n\n\n<p>Bien qu'elle ait \u00e9t\u00e9 d\u00e9tourn\u00e9e \u00e0 des fins de divertissement, l'Hypnose est pourtant un outil qui peut entrer dans un processus global de Th\u00e9rapie. Il s'agit d'un \u00e9tat de conscience modifi\u00e9 qui permet d'ignorer les stimulus de l'environnement, comme un \u00e9tat similaire au sommeil, tout en \u00e9tant conscient de ce qu'il se passe autour de vous. <\/p>\n\n\n\n<p>L\u2019 Hypnose permet d'obtenir des r\u00e9sultats \u00e0 la fois sur le Physique et sur le Psychique. Lors de l\u2019Anamn\u00e8se , nous d\u00e9finirons ensemble les objectifs du travail ainsi que le processus permettant d\u2019y parvenir. Il ne s'agit pas d'un process imm\u00e9diat. En effet, les suggestions sem\u00e9es permettent aux graines de pens\u00e9es de s\u2019enracin\u00e9es et de grandir.<\/p>\n\n\n\n<p>Je pratique l'hypnose en suivant la m\u00e9thode Sajece. C'est une m\u00e9thode Douce et Bienveillante qui a pour objectif de travailler sur l\u2019origine du probl\u00e8me ainsi que sur les \u00e9motions qui pourront ainsi s\u2019exprimer. Dans les contes et histoires m\u00e9taphoriques racont\u00e9s , il n\u2019est pas seulement question de proposer une solution \u00e0 l\u2019inconscient , mais surtout d\u2019agir sur les causes \u00e9motionnelles profondes de la probl\u00e9matique afin d\u2019\u00e9viter de d\u00e9placer le sympt\u00f4me ou de le voir r\u00e9apparaitre. <\/p>\n\n\n\n<p>Pour en savoir plus sur mon parcours: <a href=\"https:\/\/www.hypnosemelanie.fr\/index.php\/qui-suis-je\/\">Qui suis-je\u00a0?<\/a><\/p>\n\n\n\n<p>Comment l'hypnose peut vous aider? <a href=\"https:\/\/www.hypnosemelanie.fr\/index.php\/pour-quoi\/\">Pour Quoi\u00a0?<\/a><\/p>\n\n\n\n<p>Est-ce que l'hypnose est adapt\u00e9e aux enfants?<a href=\"http:\/\/devmachine\/index.php\/lhypnose-et-les-enfants\/\"> <\/a><a href=\"https:\/\/www.hypnosemelanie.fr\/index.php\/lhypnose-et-les-enfants\/\">L\u2019hypnose et les enfants<\/a><\/p>\n\n\n\n<p>Pour me contacter: <a href=\"https:\/\/www.hypnosemelanie.fr\/index.php\/infos-pratiques\/\">Informations pratiques<\/a><\/p>\n\n\n\n<p>Dans ce travail de Confiance , je suis votre guide et je vous accompagne afin que vous repreniez le pouvoir sur votre Vie.<\/p>\n\n\n\n<p><\/p>\n","protected":false},"excerpt":{"rendered":"<p>Bienvenue sur la page de M\u00e9lanie Estournel, praticienne en hypnose et sophrologue, \u00e0 destination des enfants et des adultes. Qu&rsquo;est ce que l&rsquo;hypnose Ericksonienne?&nbsp; L\u2019 Hypnose , c\u2019est une relation pleine de Vie qui a lieu dans une personne et qui est suscit\u00e9e par la chaleur d\u2019une autre personne Milton Erickson Bien qu&rsquo;elle ait \u00e9t\u00e9 [&hellip;]<\/p>\n","protected":false},"author":1,"featured_media":0,"parent":0,"menu_order":0,"comment_status":"closed","ping_status":"closed","template":"","meta":{"ocean_post_layout":"","ocean_both_sidebars_style":"","ocean_both_sidebars_content_width":0,"ocean_both_sidebars_sidebars_width":0,"ocean_sidebar":"","ocean_second_sidebar":"","ocean_disable_margins":"enable","ocean_add_body_class":"","ocean_shortcode_before_top_bar":"","ocean_shortcode_after_top_bar":"","ocean_shortcode_before_header":"","ocean_shortcode_after_header":"","ocean_has_shortcode":"","ocean_shortcode_after_title":"","ocean_shortcode_before_footer_widgets":"","ocean_shortcode_after_footer_widgets":"","ocean_shortcode_before_footer_bottom":"","ocean_shortcode_after_footer_bottom":"","ocean_display_top_bar":"default","ocean_display_header":"default","ocean_header_style":"","ocean_center_header_left_menu":"","ocean_custom_header_template":"","ocean_custom_logo":0,"ocean_custom_retina_logo":0,"ocean_custom_logo_max_width":0,"ocean_custom_logo_tablet_max_width":0,"ocean_custom_logo_mobile_max_width":0,"ocean_custom_logo_max_height":0,"ocean_custom_logo_tablet_max_height":0,"ocean_custom_logo_mobile_max_height":0,"ocean_header_custom_menu":"","ocean_menu_typo_font_family":"","ocean_menu_typo_font_subset":"","ocean_menu_typo_font_size":0,"ocean_menu_typo_font_size_tablet":0,"ocean_menu_typo_font_size_mobile":0,"ocean_menu_typo_font_size_unit":"px","ocean_menu_typo_font_weight":"","ocean_menu_typo_font_weight_tablet":"","ocean_menu_typo_font_weight_mobile":"","ocean_menu_typo_transform":"","ocean_menu_typo_transform_tablet":"","ocean_menu_typo_transform_mobile":"","ocean_menu_typo_line_height":0,"ocean_menu_typo_line_height_tablet":0,"ocean_menu_typo_line_height_mobile":0,"ocean_menu_typo_line_height_unit":"","ocean_menu_typo_spacing":0,"ocean_menu_typo_spacing_tablet":0,"ocean_menu_typo_spacing_mobile":0,"ocean_menu_typo_spacing_unit":"","ocean_menu_link_color":"","ocean_menu_link_color_hover":"","ocean_menu_link_color_active":"","ocean_menu_link_background":"","ocean_menu_link_hover_background":"","ocean_menu_link_active_background":"","ocean_menu_social_links_bg":"","ocean_menu_social_hover_links_bg":"","ocean_menu_social_links_color":"","ocean_menu_social_hover_links_color":"","ocean_disable_title":"default","ocean_disable_heading":"default","ocean_post_title":"","ocean_post_subheading":"","ocean_post_title_style":"","ocean_post_title_background_color":"","ocean_post_title_background":0,"ocean_post_title_bg_image_position":"","ocean_post_title_bg_image_attachment":"","ocean_post_title_bg_image_repeat":"","ocean_post_title_bg_image_size":"","ocean_post_title_height":0,"ocean_post_title_bg_overlay":0.5,"ocean_post_title_bg_overlay_color":"","ocean_disable_breadcrumbs":"default","ocean_breadcrumbs_color":"","ocean_breadcrumbs_separator_color":"","ocean_breadcrumbs_links_color":"","ocean_breadcrumbs_links_hover_color":"","ocean_display_footer_widgets":"default","ocean_display_footer_bottom":"default","ocean_custom_footer_template":"","_glsr_average":0,"_glsr_ranking":0,"_glsr_reviews":0,"footnotes":""},"class_list":["post-1004","page","type-page","status-publish","hentry","entry"],"yoast_head":"<!-- This site is optimized with the Yoast SEO plugin v27.6 - https:\/\/yoast.com\/product\/yoast-seo-wordpress\/ -->\n<title>Accueil - Hypnose et Sophrologie<\/title>\n<meta name=\"robots\" content=\"index, follow, max-snippet:-1, max-image-preview:large, max-video-preview:-1\" \/>\n<link rel=\"canonical\" href=\"https:\/\/www.hypnosemelanie.fr\/\" \/>\n<meta property=\"og:locale\" content=\"fr_FR\" \/>\n<meta property=\"og:type\" content=\"article\" \/>\n<meta property=\"og:title\" content=\"Accueil - Hypnose et Sophrologie\" \/>\n<meta property=\"og:description\" content=\"Bienvenue sur la page de M\u00e9lanie Estournel, praticienne en hypnose et sophrologue, \u00e0 destination des enfants et des adultes. Qu&#039;est ce que l&#039;hypnose Ericksonienne?&nbsp; L\u2019 Hypnose , c\u2019est une relation pleine de Vie qui a lieu dans une personne et qui est suscit\u00e9e par la chaleur d\u2019une autre personne Milton Erickson Bien qu&#039;elle ait \u00e9t\u00e9 [&hellip;]\" \/>\n<meta property=\"og:url\" content=\"https:\/\/www.hypnosemelanie.fr\/\" \/>\n<meta property=\"og:site_name\" content=\"Hypnose et Sophrologie\" \/>\n<meta property=\"article:modified_time\" content=\"2024-05-16T09:33:04+00:00\" \/>\n<meta property=\"og:image\" content=\"http:\/\/devmachine\/wp-content\/uploads\/2024\/01\/arbre_brown-976x1024.png\" \/>\n<meta name=\"twitter:card\" content=\"summary_large_image\" \/>\n<meta name=\"twitter:label1\" content=\"Dur\u00e9e de lecture estim\u00e9e\" \/>\n\t<meta name=\"twitter:data1\" content=\"2 minutes\" \/>\n<script type=\"application\/ld+json\" class=\"yoast-schema-graph\">{\"@context\":\"https:\\\/\\\/schema.org\",\"@graph\":[{\"@type\":\"Article\",\"@id\":\"https:\\\/\\\/www.hypnosemelanie.fr\\\/#article\",\"isPartOf\":{\"@id\":\"https:\\\/\\\/www.hypnosemelanie.fr\\\/\"},\"author\":{\"name\":\"yannick\",\"@id\":\"https:\\\/\\\/www.hypnosemelanie.fr\\\/#\\\/schema\\\/person\\\/2b048bb9caa27ec8dcec95521ca8c2d3\"},\"headline\":\"Accueil\",\"datePublished\":\"2023-12-21T21:09:45+00:00\",\"dateModified\":\"2024-05-16T09:33:04+00:00\",\"mainEntityOfPage\":{\"@id\":\"https:\\\/\\\/www.hypnosemelanie.fr\\\/\"},\"wordCount\":336,\"image\":{\"@id\":\"https:\\\/\\\/www.hypnosemelanie.fr\\\/#primaryimage\"},\"thumbnailUrl\":\"http:\\\/\\\/devmachine\\\/wp-content\\\/uploads\\\/2024\\\/01\\\/arbre_brown-976x1024.png\",\"inLanguage\":\"fr-FR\"},{\"@type\":\"WebPage\",\"@id\":\"https:\\\/\\\/www.hypnosemelanie.fr\\\/\",\"url\":\"https:\\\/\\\/www.hypnosemelanie.fr\\\/\",\"name\":\"Accueil - Hypnose et Sophrologie\",\"isPartOf\":{\"@id\":\"https:\\\/\\\/www.hypnosemelanie.fr\\\/#website\"},\"primaryImageOfPage\":{\"@id\":\"https:\\\/\\\/www.hypnosemelanie.fr\\\/#primaryimage\"},\"image\":{\"@id\":\"https:\\\/\\\/www.hypnosemelanie.fr\\\/#primaryimage\"},\"thumbnailUrl\":\"http:\\\/\\\/devmachine\\\/wp-content\\\/uploads\\\/2024\\\/01\\\/arbre_brown-976x1024.png\",\"datePublished\":\"2023-12-21T21:09:45+00:00\",\"dateModified\":\"2024-05-16T09:33:04+00:00\",\"breadcrumb\":{\"@id\":\"https:\\\/\\\/www.hypnosemelanie.fr\\\/#breadcrumb\"},\"inLanguage\":\"fr-FR\",\"potentialAction\":[{\"@type\":\"ReadAction\",\"target\":[\"https:\\\/\\\/www.hypnosemelanie.fr\\\/\"]}]},{\"@type\":\"ImageObject\",\"inLanguage\":\"fr-FR\",\"@id\":\"https:\\\/\\\/www.hypnosemelanie.fr\\\/#primaryimage\",\"url\":\"http:\\\/\\\/devmachine\\\/wp-content\\\/uploads\\\/2024\\\/01\\\/arbre_brown-976x1024.png\",\"contentUrl\":\"http:\\\/\\\/devmachine\\\/wp-content\\\/uploads\\\/2024\\\/01\\\/arbre_brown-976x1024.png\"},{\"@type\":\"BreadcrumbList\",\"@id\":\"https:\\\/\\\/www.hypnosemelanie.fr\\\/#breadcrumb\",\"itemListElement\":[{\"@type\":\"ListItem\",\"position\":1,\"name\":\"Accueil\",\"item\":\"https:\\\/\\\/www.hypnosemelanie.fr\\\/\"},{\"@type\":\"ListItem\",\"position\":2,\"name\":\"Accueil\"}]},{\"@type\":\"WebSite\",\"@id\":\"https:\\\/\\\/www.hypnosemelanie.fr\\\/#website\",\"url\":\"https:\\\/\\\/www.hypnosemelanie.fr\\\/\",\"name\":\"Hypnose et Sophrologie\",\"description\":\"\",\"potentialAction\":[{\"@type\":\"SearchAction\",\"target\":{\"@type\":\"EntryPoint\",\"urlTemplate\":\"https:\\\/\\\/www.hypnosemelanie.fr\\\/?s={search_term_string}\"},\"query-input\":{\"@type\":\"PropertyValueSpecification\",\"valueRequired\":true,\"valueName\":\"search_term_string\"}}],\"inLanguage\":\"fr-FR\"},{\"@type\":\"Person\",\"@id\":\"https:\\\/\\\/www.hypnosemelanie.fr\\\/#\\\/schema\\\/person\\\/2b048bb9caa27ec8dcec95521ca8c2d3\",\"name\":\"yannick\",\"image\":{\"@type\":\"ImageObject\",\"inLanguage\":\"fr-FR\",\"@id\":\"https:\\\/\\\/secure.gravatar.com\\\/avatar\\\/e233de53661c8bb1e15f1d143f68c7794a9d8df630cca75812b3f8d8f71ed23d?s=96&d=mm&r=g\",\"url\":\"https:\\\/\\\/secure.gravatar.com\\\/avatar\\\/e233de53661c8bb1e15f1d143f68c7794a9d8df630cca75812b3f8d8f71ed23d?s=96&d=mm&r=g\",\"contentUrl\":\"https:\\\/\\\/secure.gravatar.com\\\/avatar\\\/e233de53661c8bb1e15f1d143f68c7794a9d8df630cca75812b3f8d8f71ed23d?s=96&d=mm&r=g\",\"caption\":\"yannick\"},\"sameAs\":[\"http:\\\/\\\/devmachine\"],\"url\":\"https:\\\/\\\/www.hypnosemelanie.fr\\\/index.php\\\/author\\\/yannick\\\/\"}]}<\/script>\n<!-- \/ Yoast SEO plugin. -->","yoast_head_json":{"title":"Accueil - Hypnose et Sophrologie","robots":{"index":"index","follow":"follow","max-snippet":"max-snippet:-1","max-image-preview":"max-image-preview:large","max-video-preview":"max-video-preview:-1"},"canonical":"https:\/\/www.hypnosemelanie.fr\/","og_locale":"fr_FR","og_type":"article","og_title":"Accueil - Hypnose et Sophrologie","og_description":"Bienvenue sur la page de M\u00e9lanie Estournel, praticienne en hypnose et sophrologue, \u00e0 destination des enfants et des adultes. Qu'est ce que l'hypnose Ericksonienne?&nbsp; L\u2019 Hypnose , c\u2019est une relation pleine de Vie qui a lieu dans une personne et qui est suscit\u00e9e par la chaleur d\u2019une autre personne Milton Erickson Bien qu'elle ait \u00e9t\u00e9 [&hellip;]","og_url":"https:\/\/www.hypnosemelanie.fr\/","og_site_name":"Hypnose et Sophrologie","article_modified_time":"2024-05-16T09:33:04+00:00","og_image":[{"url":"http:\/\/devmachine\/wp-content\/uploads\/2024\/01\/arbre_brown-976x1024.png","type":"","width":"","height":""}],"twitter_card":"summary_large_image","twitter_misc":{"Dur\u00e9e de lecture estim\u00e9e":"2 minutes"},"schema":{"@context":"https:\/\/schema.org","@graph":[{"@type":"Article","@id":"https:\/\/www.hypnosemelanie.fr\/#article","isPartOf":{"@id":"https:\/\/www.hypnosemelanie.fr\/"},"author":{"name":"yannick","@id":"https:\/\/www.hypnosemelanie.fr\/#\/schema\/person\/2b048bb9caa27ec8dcec95521ca8c2d3"},"headline":"Accueil","datePublished":"2023-12-21T21:09:45+00:00","dateModified":"2024-05-16T09:33:04+00:00","mainEntityOfPage":{"@id":"https:\/\/www.hypnosemelanie.fr\/"},"wordCount":336,"image":{"@id":"https:\/\/www.hypnosemelanie.fr\/#primaryimage"},"thumbnailUrl":"http:\/\/devmachine\/wp-content\/uploads\/2024\/01\/arbre_brown-976x1024.png","inLanguage":"fr-FR"},{"@type":"WebPage","@id":"https:\/\/www.hypnosemelanie.fr\/","url":"https:\/\/www.hypnosemelanie.fr\/","name":"Accueil - Hypnose et Sophrologie","isPartOf":{"@id":"https:\/\/www.hypnosemelanie.fr\/#website"},"primaryImageOfPage":{"@id":"https:\/\/www.hypnosemelanie.fr\/#primaryimage"},"image":{"@id":"https:\/\/www.hypnosemelanie.fr\/#primaryimage"},"thumbnailUrl":"http:\/\/devmachine\/wp-content\/uploads\/2024\/01\/arbre_brown-976x1024.png","datePublished":"2023-12-21T21:09:45+00:00","dateModified":"2024-05-16T09:33:04+00:00","breadcrumb":{"@id":"https:\/\/www.hypnosemelanie.fr\/#breadcrumb"},"inLanguage":"fr-FR","potentialAction":[{"@type":"ReadAction","target":["https:\/\/www.hypnosemelanie.fr\/"]}]},{"@type":"ImageObject","inLanguage":"fr-FR","@id":"https:\/\/www.hypnosemelanie.fr\/#primaryimage","url":"http:\/\/devmachine\/wp-content\/uploads\/2024\/01\/arbre_brown-976x1024.png","contentUrl":"http:\/\/devmachine\/wp-content\/uploads\/2024\/01\/arbre_brown-976x1024.png"},{"@type":"BreadcrumbList","@id":"https:\/\/www.hypnosemelanie.fr\/#breadcrumb","itemListElement":[{"@type":"ListItem","position":1,"name":"Accueil","item":"https:\/\/www.hypnosemelanie.fr\/"},{"@type":"ListItem","position":2,"name":"Accueil"}]},{"@type":"WebSite","@id":"https:\/\/www.hypnosemelanie.fr\/#website","url":"https:\/\/www.hypnosemelanie.fr\/","name":"Hypnose et Sophrologie","description":"","potentialAction":[{"@type":"SearchAction","target":{"@type":"EntryPoint","urlTemplate":"https:\/\/www.hypnosemelanie.fr\/?s={search_term_string}"},"query-input":{"@type":"PropertyValueSpecification","valueRequired":true,"valueName":"search_term_string"}}],"inLanguage":"fr-FR"},{"@type":"Person","@id":"https:\/\/www.hypnosemelanie.fr\/#\/schema\/person\/2b048bb9caa27ec8dcec95521ca8c2d3","name":"yannick","image":{"@type":"ImageObject","inLanguage":"fr-FR","@id":"https:\/\/secure.gravatar.com\/avatar\/e233de53661c8bb1e15f1d143f68c7794a9d8df630cca75812b3f8d8f71ed23d?s=96&d=mm&r=g","url":"https:\/\/secure.gravatar.com\/avatar\/e233de53661c8bb1e15f1d143f68c7794a9d8df630cca75812b3f8d8f71ed23d?s=96&d=mm&r=g","contentUrl":"https:\/\/secure.gravatar.com\/avatar\/e233de53661c8bb1e15f1d143f68c7794a9d8df630cca75812b3f8d8f71ed23d?s=96&d=mm&r=g","caption":"yannick"},"sameAs":["http:\/\/devmachine"],"url":"https:\/\/www.hypnosemelanie.fr\/index.php\/author\/yannick\/"}]}},"_links":{"self":[{"href":"https:\/\/www.hypnosemelanie.fr\/index.php\/wp-json\/wp\/v2\/pages\/1004","targetHints":{"allow":["GET"]}}],"collection":[{"href":"https:\/\/www.hypnosemelanie.fr\/index.php\/wp-json\/wp\/v2\/pages"}],"about":[{"href":"https:\/\/www.hypnosemelanie.fr\/index.php\/wp-json\/wp\/v2\/types\/page"}],"author":[{"embeddable":true,"href":"https:\/\/www.hypnosemelanie.fr\/index.php\/wp-json\/wp\/v2\/users\/1"}],"replies":[{"embeddable":true,"href":"https:\/\/www.hypnosemelanie.fr\/index.php\/wp-json\/wp\/v2\/comments?post=1004"}],"version-history":[{"count":20,"href":"https:\/\/www.hypnosemelanie.fr\/index.php\/wp-json\/wp\/v2\/pages\/1004\/revisions"}],"predecessor-version":[{"id":1298,"href":"https:\/\/www.hypnosemelanie.fr\/index.php\/wp-json\/wp\/v2\/pages\/1004\/revisions\/1298"}],"wp:attachment":[{"href":"https:\/\/www.hypnosemelanie.fr\/index.php\/wp-json\/wp\/v2\/media?parent=1004"}],"curies":[{"name":"wp","href":"https:\/\/api.w.org\/{rel}","templated":true}]}}